{"id":110153,"date":"2025-12-08T11:22:44","date_gmt":"2025-12-08T08:22:44","guid":{"rendered":"https:\/\/baldumarket.lt\/?post_type=product&#038;p=110153"},"modified":"2026-04-12T19:16:29","modified_gmt":"2026-04-12T16:16:29","slug":"wand-b-1102-1-premium-gr-l2","status":"publish","type":"product","link":"https:\/\/baldumarket.lt\/lt\/product\/wand-b-1102-1-premium-gr-l2\/","title":{"rendered":"Stick B-1102\/1 Premium Gr-L2"},"content":{"rendered":"<p>Dizainas: R&amp;D Fameg<br \/>\n\u201eWand\u201c \u2013 tai tradicin\u0117s formos k\u0117d\u0117, fotelis, baro k\u0117d\u0117 ir sofa, pasi\u017eyminti madingu vinta\u017einiu stiliumi. S\u0117d\u0117jimo komfort\u0105 u\u017etikrina profiliuota konstrukcija, ploni ir rankomis \u0161lifuoti atlo\u0161o laipteliai su b\u016bdingu i\u0161lenktu skersiniu ir unikalios pasagos formos s\u0117dyn\u0117. Atlo\u0161o ir koj\u0173 laipteliai yra subtilios verpst\u0117s formos. \u0160velnios linijos ir mink\u0161ta, plati apmu\u0161ta s\u0117dyn\u0117 u\u017etikrina komfort\u0105 ir naudojimo malonum\u0105. \u201eWand\u201c kolekcija \u017eavi savo universaliu charakteriu ir nesenstan\u010diu gro\u017eiu.<br \/>\n#bentwood #famegcollection #vintage<\/p>","protected":false},"excerpt":{"rendered":"<p>Dizainas: \u201eR&amp;D Fameg Wand\u201c \u2013 tai tradicin\u0117s formos k\u0117d\u0117, fotelis, baro k\u0117d\u0117 ir sofa, pasi\u017eyminti madingu vinta\u017einiu stiliumi. S\u0117d\u0117jimo komfort\u0105 u\u017etikrina profiliuota konstrukcija, ploni ir rankomis \u0161lifuoti atlo\u0161o laipteliai su b\u016bdingu i\u0161lenktu skersiniu ir unikalios pasagos formos s\u0117dyn\u0117. Atlo\u0161o ir koj\u0173 laipteliai turi [\u2026]<\/p>","protected":false},"featured_media":110141,"comment_status":"open","ping_status":"closed","template":"","meta":[],"product_brand":[],"product_cat":[9133],"product_tag":[],"class_list":{"0":"post-110153","1":"product","2":"type-product","3":"status-publish","4":"has-post-thumbnail","6":"product_cat-grouped","8":"first","9":"instock","10":"shipping-taxable","11":"product-type-variable","12":"wvs-archive-product-wrapper"},"_links":{"self":[{"href":"https:\/\/baldumarket.lt\/lt\/wp-json\/wp\/v2\/product\/110153","targetHints":{"allow":["GET"]}}],"collection":[{"href":"https:\/\/baldumarket.lt\/lt\/wp-json\/wp\/v2\/product"}],"about":[{"href":"https:\/\/baldumarket.lt\/lt\/wp-json\/wp\/v2\/types\/product"}],"replies":[{"embeddable":true,"href":"https:\/\/baldumarket.lt\/lt\/wp-json\/wp\/v2\/comments?post=110153"}],"wp:featuredmedia":[{"embeddable":true,"href":"https:\/\/baldumarket.lt\/lt\/wp-json\/wp\/v2\/media\/110141"}],"wp:attachment":[{"href":"https:\/\/baldumarket.lt\/lt\/wp-json\/wp\/v2\/media?parent=110153"}],"wp:term":[{"taxonomy":"product_brand","embeddable":true,"href":"https:\/\/baldumarket.lt\/lt\/wp-json\/wp\/v2\/product_brand?post=110153"},{"taxonomy":"product_cat","embeddable":true,"href":"https:\/\/baldumarket.lt\/lt\/wp-json\/wp\/v2\/product_cat?post=110153"},{"taxonomy":"product_tag","embeddable":true,"href":"https:\/\/baldumarket.lt\/lt\/wp-json\/wp\/v2\/product_tag?post=110153"}],"curies":[{"name":"wp","href":"https:\/\/api.w.org\/{rel}","templated":true}]}}