{"id":110066,"date":"2025-12-08T11:13:56","date_gmt":"2025-12-08T08:13:56","guid":{"rendered":"https:\/\/baldumarket.lt\/?post_type=product&#038;p=110066"},"modified":"2026-04-12T00:52:17","modified_gmt":"2026-04-11T21:52:17","slug":"uma-a-1505-standard-gr-l2","status":"publish","type":"product","link":"https:\/\/baldumarket.lt\/lt\/product\/uma-a-1505-standard-gr-l2\/","title":{"rendered":"Uma A-1505 Standartinis Gr-L2"},"content":{"rendered":"<p>Dizainas: Ewelina Cis<br \/>\n\u201cUma\u201d \u2013 tai smagi ir k\u016brybinga klasikini\u0173 k\u0117d\u017ei\u0173 interpretacija septintojo de\u0161imtme\u010dio dvasia. Apvalios formos ir \u017eaismas su elips\u0117mis sukuria netik\u0117t\u0105 efekt\u0105, o mink\u0161ta, matoma pagalv\u0117l\u0117 \u2013 \u0161iek tiek \u201e\u012fterpta\u201c \u012f dizain\u0105 \u2013 suteikia \u0161iai kolekcijai unikal\u0173 charakter\u012f.<\/p>","protected":false},"excerpt":{"rendered":"<p>Dizainas: \u201cEwelina Cis Uma\u201d \u2013 tai smagi ir k\u016brybinga klasikini\u0173 k\u0117d\u017ei\u0173 interpretacija septintojo de\u0161imtme\u010dio dvasia. Apvalios formos ir \u017eaismas su elips\u0117mis sukuria netik\u0117t\u0105 efekt\u0105, o mink\u0161ta, matoma pagalv\u0117l\u0117 \u2013 \u0161iek tiek \u201e\u012fterpta\u201c \u012f dizain\u0105 \u2013 suteikia \u0161iai kolekcijai unikal\u0173 charakter\u012f.<\/p>","protected":false},"featured_media":110074,"comment_status":"open","ping_status":"closed","template":"","meta":[],"product_brand":[],"product_cat":[9133],"product_tag":[],"class_list":{"0":"post-110066","1":"product","2":"type-product","3":"status-publish","4":"has-post-thumbnail","6":"product_cat-grouped","8":"first","9":"instock","10":"shipping-taxable","11":"product-type-variable","12":"wvs-archive-product-wrapper"},"_links":{"self":[{"href":"https:\/\/baldumarket.lt\/lt\/wp-json\/wp\/v2\/product\/110066","targetHints":{"allow":["GET"]}}],"collection":[{"href":"https:\/\/baldumarket.lt\/lt\/wp-json\/wp\/v2\/product"}],"about":[{"href":"https:\/\/baldumarket.lt\/lt\/wp-json\/wp\/v2\/types\/product"}],"replies":[{"embeddable":true,"href":"https:\/\/baldumarket.lt\/lt\/wp-json\/wp\/v2\/comments?post=110066"}],"wp:featuredmedia":[{"embeddable":true,"href":"https:\/\/baldumarket.lt\/lt\/wp-json\/wp\/v2\/media\/110074"}],"wp:attachment":[{"href":"https:\/\/baldumarket.lt\/lt\/wp-json\/wp\/v2\/media?parent=110066"}],"wp:term":[{"taxonomy":"product_brand","embeddable":true,"href":"https:\/\/baldumarket.lt\/lt\/wp-json\/wp\/v2\/product_brand?post=110066"},{"taxonomy":"product_cat","embeddable":true,"href":"https:\/\/baldumarket.lt\/lt\/wp-json\/wp\/v2\/product_cat?post=110066"},{"taxonomy":"product_tag","embeddable":true,"href":"https:\/\/baldumarket.lt\/lt\/wp-json\/wp\/v2\/product_tag?post=110066"}],"curies":[{"name":"wp","href":"https:\/\/api.w.org\/{rel}","templated":true}]}}