{"id":110035,"date":"2025-12-08T11:11:23","date_gmt":"2025-12-08T08:11:23","guid":{"rendered":"https:\/\/baldumarket.lt\/?post_type=product&#038;p=110035"},"modified":"2026-04-13T18:37:59","modified_gmt":"2026-04-13T15:37:59","slug":"ufo-t-9972-46-premium","status":"publish","type":"product","link":"https:\/\/baldumarket.lt\/lt\/product\/ufo-t-9972-46-premium\/","title":{"rendered":"UFO T-9972\/46 Premium"},"content":{"rendered":"<p>\u201eUfo\u201c \u2013 universali ir itin populiari medin\u0117 baro k\u0117d\u0117. Apvali\u0105 s\u0117dyn\u0119 laiko keturios tiesios buko kojos. \u201eUfo\u201c kolekcija si\u016bloma su kieta arba apmu\u0161ta s\u0117dyne, trij\u0173 skirting\u0173 auk\u0161\u010di\u0173: 460, 650 ir 750.<\/p>","protected":false},"excerpt":{"rendered":"<p>\u201eUfo\u201c \u2013 universali ir itin populiari medin\u0117 baro k\u0117d\u0117. Apvali\u0105 s\u0117dyn\u0119 laiko keturios tiesios buko kojos. \u201eUfo\u201c kolekcija si\u016bloma su kieta arba apmu\u0161ta s\u0117dyne, trij\u0173 skirting\u0173 auk\u0161\u010di\u0173: 460, 650 ir 750.<\/p>","protected":false},"featured_media":110041,"comment_status":"open","ping_status":"closed","template":"","meta":[],"product_brand":[],"product_cat":[9133],"product_tag":[],"class_list":{"0":"post-110035","1":"product","2":"type-product","3":"status-publish","4":"has-post-thumbnail","6":"product_cat-grouped","8":"first","9":"instock","10":"shipping-taxable","11":"product-type-variable","12":"wvs-archive-product-wrapper"},"_links":{"self":[{"href":"https:\/\/baldumarket.lt\/lt\/wp-json\/wp\/v2\/product\/110035","targetHints":{"allow":["GET"]}}],"collection":[{"href":"https:\/\/baldumarket.lt\/lt\/wp-json\/wp\/v2\/product"}],"about":[{"href":"https:\/\/baldumarket.lt\/lt\/wp-json\/wp\/v2\/types\/product"}],"replies":[{"embeddable":true,"href":"https:\/\/baldumarket.lt\/lt\/wp-json\/wp\/v2\/comments?post=110035"}],"wp:featuredmedia":[{"embeddable":true,"href":"https:\/\/baldumarket.lt\/lt\/wp-json\/wp\/v2\/media\/110041"}],"wp:attachment":[{"href":"https:\/\/baldumarket.lt\/lt\/wp-json\/wp\/v2\/media?parent=110035"}],"wp:term":[{"taxonomy":"product_brand","embeddable":true,"href":"https:\/\/baldumarket.lt\/lt\/wp-json\/wp\/v2\/product_brand?post=110035"},{"taxonomy":"product_cat","embeddable":true,"href":"https:\/\/baldumarket.lt\/lt\/wp-json\/wp\/v2\/product_cat?post=110035"},{"taxonomy":"product_tag","embeddable":true,"href":"https:\/\/baldumarket.lt\/lt\/wp-json\/wp\/v2\/product_tag?post=110035"}],"curies":[{"name":"wp","href":"https:\/\/api.w.org\/{rel}","templated":true}]}}