{"id":110004,"date":"2025-12-08T11:08:35","date_gmt":"2025-12-08T08:08:35","guid":{"rendered":"https:\/\/baldumarket.lt\/?post_type=product&#038;p=110004"},"modified":"2026-04-13T18:37:59","modified_gmt":"2026-04-13T15:37:59","slug":"ufo-bst-9972-75-premium-gr-a","status":"publish","type":"product","link":"https:\/\/baldumarket.lt\/lt\/product\/ufo-bst-9972-75-premium-gr-a\/","title":{"rendered":"UFO BST-9972\/75 Premium Gr-A"},"content":{"rendered":"<p>UFO \u2013 universali ir itin populiari medin\u0117 taburet\u0117. Apvali\u0105 s\u0117dyn\u0119 remia keturios tiesios buko kojel\u0117s. \u201eUfo\u201c kolekcija si\u016bloma su kieta s\u0117dyne ir apmu\u0161ta, trij\u0173 skirting\u0173 auk\u0161\u010di\u0173: 460\/650\/750.<\/p>","protected":false},"excerpt":{"rendered":"<p>UFO \u2013 universali ir itin populiari medin\u0117 taburet\u0117. Apvali\u0105 s\u0117dyn\u0119 remia keturios tiesios buko kojel\u0117s. \u201eUfo\u201c kolekcija si\u016bloma su kieta s\u0117dyne ir apmu\u0161ta, trij\u0173 skirting\u0173 auk\u0161\u010di\u0173: 460\/650\/750.<\/p>","protected":false},"featured_media":110009,"comment_status":"open","ping_status":"closed","template":"","meta":[],"product_brand":[],"product_cat":[9133],"product_tag":[],"class_list":{"0":"post-110004","1":"product","2":"type-product","3":"status-publish","4":"has-post-thumbnail","6":"product_cat-grouped","8":"first","9":"instock","10":"shipping-taxable","11":"product-type-variable","12":"wvs-archive-product-wrapper"},"_links":{"self":[{"href":"https:\/\/baldumarket.lt\/lt\/wp-json\/wp\/v2\/product\/110004","targetHints":{"allow":["GET"]}}],"collection":[{"href":"https:\/\/baldumarket.lt\/lt\/wp-json\/wp\/v2\/product"}],"about":[{"href":"https:\/\/baldumarket.lt\/lt\/wp-json\/wp\/v2\/types\/product"}],"replies":[{"embeddable":true,"href":"https:\/\/baldumarket.lt\/lt\/wp-json\/wp\/v2\/comments?post=110004"}],"wp:featuredmedia":[{"embeddable":true,"href":"https:\/\/baldumarket.lt\/lt\/wp-json\/wp\/v2\/media\/110009"}],"wp:attachment":[{"href":"https:\/\/baldumarket.lt\/lt\/wp-json\/wp\/v2\/media?parent=110004"}],"wp:term":[{"taxonomy":"product_brand","embeddable":true,"href":"https:\/\/baldumarket.lt\/lt\/wp-json\/wp\/v2\/product_brand?post=110004"},{"taxonomy":"product_cat","embeddable":true,"href":"https:\/\/baldumarket.lt\/lt\/wp-json\/wp\/v2\/product_cat?post=110004"},{"taxonomy":"product_tag","embeddable":true,"href":"https:\/\/baldumarket.lt\/lt\/wp-json\/wp\/v2\/product_tag?post=110004"}],"curies":[{"name":"wp","href":"https:\/\/api.w.org\/{rel}","templated":true}]}}