{"id":109921,"date":"2025-12-08T11:00:00","date_gmt":"2025-12-08T08:00:00","guid":{"rendered":"https:\/\/baldumarket.lt\/?post_type=product&#038;p=109921"},"modified":"2026-04-12T00:58:30","modified_gmt":"2026-04-11T21:58:30","slug":"tulipan-b-2020-standard","status":"publish","type":"product","link":"https:\/\/baldumarket.lt\/lt\/product\/tulipan-b-2020-standard\/","title":{"rendered":"Tulip B-2020 Standartinis"},"content":{"rendered":"<p>Pakartotinis \u201eTulipan\u201c fotelio leidimas, kurio prototipas buvo sukurtas 1973 m. FAMEG kaip Teresos Kruszewskos sukurto poilsio komplekto dalis.<br \/>\nFotelio taur\u0117s formos, organi\u0161ka forma yra Teresos Kruszewskos darbo, susijusio su faneros plastin\u0117mis galimyb\u0117mis, kur\u012f ji prad\u0117jo \u0161e\u0161tajame de\u0161imtmetyje, rezultatas. \u0160is nepaprastas formos poj\u016btis, s\u0105moningas estetikos ir tinkamos konstrukcijos aspekt\u0173 laikymasis, b\u016bdingas dizainerei, \u012fkv\u0117ptas \u017einom\u0173 Lenkijos dizaineri\u0173, susijusi\u0173 su meninink\u0173 kooperatyvu \u201c\u0141ad\u201d ir Alvaro Alto. Paprastumas, nat\u016bralumas, taikl\u016bs sprendimai ir funkcionalumas, r\u016bpinantis vaikais, suaugusiaisiais ir pagyvenusiais \u017emon\u0117mis \u2013 \u0161ios id\u0117jos l\u0117m\u0117 Teresos Kruszewskos dizain\u0105.<\/p>","protected":false},"excerpt":{"rendered":"<p>Pakartotinis \u201eTulipan\u201c fotelio, kurio prototipas buvo sukurtas 1973 m. FAMEG muziejuje kaip Teresos Kruszewskos suprojektuoto poilsio komplekto dalis, leidimas. Fotelio taur\u0117s formos, organi\u0161ka forma yra Teresos Kruszewskos \u0161e\u0161tajame de\u0161imtmetyje prad\u0117to darbo apie faneros plastines galimybes rezultatas. \u0160is nepaprastas formos poj\u016btis, [\u2026]<\/p>","protected":false},"featured_media":109941,"comment_status":"open","ping_status":"closed","template":"","meta":[],"product_brand":[],"product_cat":[9133],"product_tag":[],"class_list":{"0":"post-109921","1":"product","2":"type-product","3":"status-publish","4":"has-post-thumbnail","6":"product_cat-grouped","8":"first","9":"instock","10":"shipping-taxable","11":"product-type-variable","12":"wvs-archive-product-wrapper"},"_links":{"self":[{"href":"https:\/\/baldumarket.lt\/lt\/wp-json\/wp\/v2\/product\/109921","targetHints":{"allow":["GET"]}}],"collection":[{"href":"https:\/\/baldumarket.lt\/lt\/wp-json\/wp\/v2\/product"}],"about":[{"href":"https:\/\/baldumarket.lt\/lt\/wp-json\/wp\/v2\/types\/product"}],"replies":[{"embeddable":true,"href":"https:\/\/baldumarket.lt\/lt\/wp-json\/wp\/v2\/comments?post=109921"}],"wp:featuredmedia":[{"embeddable":true,"href":"https:\/\/baldumarket.lt\/lt\/wp-json\/wp\/v2\/media\/109941"}],"wp:attachment":[{"href":"https:\/\/baldumarket.lt\/lt\/wp-json\/wp\/v2\/media?parent=109921"}],"wp:term":[{"taxonomy":"product_brand","embeddable":true,"href":"https:\/\/baldumarket.lt\/lt\/wp-json\/wp\/v2\/product_brand?post=109921"},{"taxonomy":"product_cat","embeddable":true,"href":"https:\/\/baldumarket.lt\/lt\/wp-json\/wp\/v2\/product_cat?post=109921"},{"taxonomy":"product_tag","embeddable":true,"href":"https:\/\/baldumarket.lt\/lt\/wp-json\/wp\/v2\/product_tag?post=109921"}],"curies":[{"name":"wp","href":"https:\/\/api.w.org\/{rel}","templated":true}]}}