{"id":109832,"date":"2025-12-08T10:51:31","date_gmt":"2025-12-08T07:51:31","guid":{"rendered":"https:\/\/baldumarket.lt\/?post_type=product&#038;p=109832"},"modified":"2026-04-12T00:52:17","modified_gmt":"2026-04-11T21:52:17","slug":"tulip-2-a-9608-1-standard-gr-l1","status":"publish","type":"product","link":"https:\/\/baldumarket.lt\/lt\/product\/tulip-2-a-9608-1-standard-gr-l1\/","title":{"rendered":"Tulip.2 A-9608\/1 Standartinis Gr-L1"},"content":{"rendered":"<p>\u201eTulip\u201c \u2013 viena populiariausi\u0173 baro k\u0117d\u017ei\u0173 ir tabureti\u0173 r\u016b\u0161i\u0173, da\u017enai naudojama bistro ir kavin\u0117se. Kolekcijoje gausu modeli\u0173: nuo faneros atlo\u0161\u0173 iki visi\u0161kai apmu\u0161t\u0173, skirtingo storio apmu\u0161t\u0173 s\u0117dyni\u0173 ir k\u0117d\u017ei\u0173 su porankiais arba be j\u0173.<\/p>","protected":false},"excerpt":{"rendered":"<p>\u201eTulip\u201c \u2013 viena populiariausi\u0173 baro k\u0117d\u017ei\u0173 ir tabureti\u0173 r\u016b\u0161i\u0173, da\u017enai naudojama bistro ir kavin\u0117se. Kolekcijoje gausu modeli\u0173: nuo faneros atlo\u0161\u0173 iki visi\u0161kai apmu\u0161t\u0173, skirtingo storio apmu\u0161t\u0173 s\u0117dyni\u0173 ir k\u0117d\u017ei\u0173 su porankiais arba be j\u0173.<\/p>","protected":false},"featured_media":109842,"comment_status":"open","ping_status":"closed","template":"","meta":[],"product_brand":[],"product_cat":[9133],"product_tag":[],"class_list":{"0":"post-109832","1":"product","2":"type-product","3":"status-publish","4":"has-post-thumbnail","6":"product_cat-grouped","8":"first","9":"instock","10":"shipping-taxable","11":"product-type-variable","12":"wvs-archive-product-wrapper"},"_links":{"self":[{"href":"https:\/\/baldumarket.lt\/lt\/wp-json\/wp\/v2\/product\/109832","targetHints":{"allow":["GET"]}}],"collection":[{"href":"https:\/\/baldumarket.lt\/lt\/wp-json\/wp\/v2\/product"}],"about":[{"href":"https:\/\/baldumarket.lt\/lt\/wp-json\/wp\/v2\/types\/product"}],"replies":[{"embeddable":true,"href":"https:\/\/baldumarket.lt\/lt\/wp-json\/wp\/v2\/comments?post=109832"}],"wp:featuredmedia":[{"embeddable":true,"href":"https:\/\/baldumarket.lt\/lt\/wp-json\/wp\/v2\/media\/109842"}],"wp:attachment":[{"href":"https:\/\/baldumarket.lt\/lt\/wp-json\/wp\/v2\/media?parent=109832"}],"wp:term":[{"taxonomy":"product_brand","embeddable":true,"href":"https:\/\/baldumarket.lt\/lt\/wp-json\/wp\/v2\/product_brand?post=109832"},{"taxonomy":"product_cat","embeddable":true,"href":"https:\/\/baldumarket.lt\/lt\/wp-json\/wp\/v2\/product_cat?post=109832"},{"taxonomy":"product_tag","embeddable":true,"href":"https:\/\/baldumarket.lt\/lt\/wp-json\/wp\/v2\/product_tag?post=109832"}],"curies":[{"name":"wp","href":"https:\/\/api.w.org\/{rel}","templated":true}]}}