{"id":109752,"date":"2025-12-08T10:43:19","date_gmt":"2025-12-08T07:43:19","guid":{"rendered":"https:\/\/baldumarket.lt\/?post_type=product&#038;p=109752"},"modified":"2026-02-11T02:45:19","modified_gmt":"2026-02-10T23:45:19","slug":"tulip-1-a-9608-premium-gr-l1","status":"publish","type":"product","link":"https:\/\/baldumarket.lt\/lt\/product\/tulip-1-a-9608-premium-gr-l1\/","title":{"rendered":"Tulip.1 A-9608 Premium Gr-L1"},"content":{"rendered":"<p>\u201eTulip\u201c \u2013 viena populiariausi\u0173 baro k\u0117d\u017ei\u0173 ir k\u0117d\u017ei\u0173, da\u017enai naudojama bistro ir kavin\u0117se. Kolekcijoje si\u016blomas platus modeli\u0173 asortimentas: nuo faneros atlo\u0161\u0173 iki pilnai apmu\u0161t\u0173 k\u0117d\u017ei\u0173, \u012fvairaus storio apmu\u0161t\u0173 s\u0117dyni\u0173 ir k\u0117d\u017ei\u0173 su porankiais arba be j\u0173.<\/p>","protected":false},"excerpt":{"rendered":"<p>\u201eTulip\u201c \u2013 viena populiariausi\u0173 baro k\u0117d\u017ei\u0173 ir k\u0117d\u017ei\u0173, da\u017enai naudojama bistro ir kavin\u0117se. Kolekcijoje si\u016blomas platus modeli\u0173 asortimentas: nuo faneros atlo\u0161\u0173 iki pilnai apmu\u0161t\u0173 k\u0117d\u017ei\u0173, \u012fvairaus storio apmu\u0161t\u0173 s\u0117dyni\u0173 ir k\u0117d\u017ei\u0173 su porankiais arba be j\u0173.<\/p>","protected":false},"featured_media":109743,"comment_status":"open","ping_status":"closed","template":"","meta":[],"product_brand":[],"product_cat":[9133],"product_tag":[],"class_list":{"0":"post-109752","1":"product","2":"type-product","3":"status-publish","4":"has-post-thumbnail","6":"product_cat-grouped","8":"first","9":"instock","10":"shipping-taxable","11":"product-type-variable","12":"wvs-archive-product-wrapper"},"_links":{"self":[{"href":"https:\/\/baldumarket.lt\/lt\/wp-json\/wp\/v2\/product\/109752","targetHints":{"allow":["GET"]}}],"collection":[{"href":"https:\/\/baldumarket.lt\/lt\/wp-json\/wp\/v2\/product"}],"about":[{"href":"https:\/\/baldumarket.lt\/lt\/wp-json\/wp\/v2\/types\/product"}],"replies":[{"embeddable":true,"href":"https:\/\/baldumarket.lt\/lt\/wp-json\/wp\/v2\/comments?post=109752"}],"wp:featuredmedia":[{"embeddable":true,"href":"https:\/\/baldumarket.lt\/lt\/wp-json\/wp\/v2\/media\/109743"}],"wp:attachment":[{"href":"https:\/\/baldumarket.lt\/lt\/wp-json\/wp\/v2\/media?parent=109752"}],"wp:term":[{"taxonomy":"product_brand","embeddable":true,"href":"https:\/\/baldumarket.lt\/lt\/wp-json\/wp\/v2\/product_brand?post=109752"},{"taxonomy":"product_cat","embeddable":true,"href":"https:\/\/baldumarket.lt\/lt\/wp-json\/wp\/v2\/product_cat?post=109752"},{"taxonomy":"product_tag","embeddable":true,"href":"https:\/\/baldumarket.lt\/lt\/wp-json\/wp\/v2\/product_tag?post=109752"}],"curies":[{"name":"wp","href":"https:\/\/api.w.org\/{rel}","templated":true}]}}