{"id":109688,"date":"2025-12-08T10:37:49","date_gmt":"2025-12-08T07:37:49","guid":{"rendered":"https:\/\/baldumarket.lt\/?post_type=product&#038;p=109688"},"modified":"2026-04-12T00:58:30","modified_gmt":"2026-04-11T21:58:30","slug":"tulip-bb-9608-1-standard","status":"publish","type":"product","link":"https:\/\/baldumarket.lt\/lt\/product\/tulip-bb-9608-1-standard\/","title":{"rendered":"Tulip BB-9608\/1 Standartinis"},"content":{"rendered":"<p>\u201eTULIP\u201c \u2013 populiari baro k\u0117d\u017ei\u0173 ir tabureti\u0173 kolekcija, da\u017enai naudojama bistro ir kavin\u0117se. Kolekcijoje si\u016blomas platus modeli\u0173 asortimentas. K\u0117d\u0117s si\u016blomos su dviem apmu\u0161tos s\u0117dyn\u0117s storiais. K\u0117d\u0117s ir poilsio foteliai gali b\u016bti su porankiais arba be j\u0173. \u201eTULIP\u201c k\u0117d\u0117 ne tik \u017eavi savo forma, bet ir si\u016blo i\u0161skirtin\u012f s\u0117d\u0117jimo komfort\u0105. Ergonomi\u0161kai i\u0161lenkta s\u0117dyn\u0117 ir atlo\u0161as garantuoja maloni\u0105 patirt\u012f ir sukuria puiki\u0105 viet\u0105 praleisti laik\u0105. Galima \u012fsigyti \u012fvairi\u0173 medienos apdailos ir apmu\u0161al\u0173, tod\u0117l j\u0105 galima suasmeninti ir ji puikiai dera prie bet kokio interjero.<\/p>","protected":false},"excerpt":{"rendered":"<p>\u201eTULIP\u201c \u2013 populiari baro k\u0117d\u017ei\u0173 ir tabureti\u0173 kolekcija, da\u017enai naudojama bistro ir kavin\u0117se. Kolekcijoje si\u016blomas platus modeli\u0173 asortimentas. K\u0117d\u0117s si\u016blomos su dviem apmu\u0161tos s\u0117dyn\u0117s storiais. K\u0117d\u0117s ir poilsio foteliai gali b\u016bti su porankiais arba be j\u0173. \u201eTULIP\u201c k\u0117d\u0117 \u017eavi ne tik savo forma, bet ir [\u2026]<\/p>","protected":false},"featured_media":109710,"comment_status":"open","ping_status":"closed","template":"","meta":[],"product_brand":[],"product_cat":[9133],"product_tag":[],"class_list":{"0":"post-109688","1":"product","2":"type-product","3":"status-publish","4":"has-post-thumbnail","6":"product_cat-grouped","8":"first","9":"instock","10":"shipping-taxable","11":"product-type-variable","12":"wvs-archive-product-wrapper"},"_links":{"self":[{"href":"https:\/\/baldumarket.lt\/lt\/wp-json\/wp\/v2\/product\/109688","targetHints":{"allow":["GET"]}}],"collection":[{"href":"https:\/\/baldumarket.lt\/lt\/wp-json\/wp\/v2\/product"}],"about":[{"href":"https:\/\/baldumarket.lt\/lt\/wp-json\/wp\/v2\/types\/product"}],"replies":[{"embeddable":true,"href":"https:\/\/baldumarket.lt\/lt\/wp-json\/wp\/v2\/comments?post=109688"}],"wp:featuredmedia":[{"embeddable":true,"href":"https:\/\/baldumarket.lt\/lt\/wp-json\/wp\/v2\/media\/109710"}],"wp:attachment":[{"href":"https:\/\/baldumarket.lt\/lt\/wp-json\/wp\/v2\/media?parent=109688"}],"wp:term":[{"taxonomy":"product_brand","embeddable":true,"href":"https:\/\/baldumarket.lt\/lt\/wp-json\/wp\/v2\/product_brand?post=109688"},{"taxonomy":"product_cat","embeddable":true,"href":"https:\/\/baldumarket.lt\/lt\/wp-json\/wp\/v2\/product_cat?post=109688"},{"taxonomy":"product_tag","embeddable":true,"href":"https:\/\/baldumarket.lt\/lt\/wp-json\/wp\/v2\/product_tag?post=109688"}],"curies":[{"name":"wp","href":"https:\/\/api.w.org\/{rel}","templated":true}]}}