{"id":109513,"date":"2025-12-08T10:20:57","date_gmt":"2025-12-08T07:20:57","guid":{"rendered":"https:\/\/baldumarket.lt\/?post_type=product&#038;p=109513"},"modified":"2026-04-13T18:08:23","modified_gmt":"2026-04-13T15:08:23","slug":"tivoli-dressing-table-premium-gr-a","status":"publish","type":"product","link":"https:\/\/baldumarket.lt\/lt\/product\/tivoli-dressing-table-premium-gr-a\/","title":{"rendered":"Tivoli tualetinis staliukas Premium Gr-A"},"content":{"rendered":"<p>\u201eTivoli\u201c kolekcijos tualetinis staliukas turi dvi i\u0161orines lentynas ir du patogius stal\u010dius su daugybe skyreli\u0173. Skyri\u0173 r\u0117mas pagamintas i\u0161 faneros, o stal\u010di\u0173 dugnas i\u0161klotas skoninga dirbtine oda. Tualetinis staliukas yra dviej\u0173 versij\u0173: su veidrod\u017eiu arba be jo. Tualetinis staliukas turi papildom\u0105 element\u0105 \u2013 lanks\u010di\u0105 lemp\u0105, leid\u017eian\u010di\u0105 nukreipti \u0161viesos spindul\u012f tiksliai ten, kur jo labiausiai reikia.<\/p>","protected":false},"excerpt":{"rendered":"<p>\u201eTivoli\u201c kolekcijos tualetinis staliukas turi dvi i\u0161orines lentynas ir du patogius stal\u010dius su daugybe skyreli\u0173. Skyri\u0173 r\u0117mas pagamintas i\u0161 faneros, o stal\u010di\u0173 dugnas i\u0161klotas skoninga dirbtine oda. Tualetinis staliukas yra dviej\u0173 versij\u0173: su veidrod\u017eiu arba be jo. Tualetinis staliukas yra apstatytas [\u2026]<\/p>","protected":false},"featured_media":109517,"comment_status":"open","ping_status":"closed","template":"","meta":[],"product_brand":[],"product_cat":[9133],"product_tag":[],"class_list":{"0":"post-109513","1":"product","2":"type-product","3":"status-publish","4":"has-post-thumbnail","6":"product_cat-grouped","8":"first","9":"instock","10":"shipping-taxable","11":"product-type-variable","12":"wvs-archive-product-wrapper"},"_links":{"self":[{"href":"https:\/\/baldumarket.lt\/lt\/wp-json\/wp\/v2\/product\/109513","targetHints":{"allow":["GET"]}}],"collection":[{"href":"https:\/\/baldumarket.lt\/lt\/wp-json\/wp\/v2\/product"}],"about":[{"href":"https:\/\/baldumarket.lt\/lt\/wp-json\/wp\/v2\/types\/product"}],"replies":[{"embeddable":true,"href":"https:\/\/baldumarket.lt\/lt\/wp-json\/wp\/v2\/comments?post=109513"}],"wp:featuredmedia":[{"embeddable":true,"href":"https:\/\/baldumarket.lt\/lt\/wp-json\/wp\/v2\/media\/109517"}],"wp:attachment":[{"href":"https:\/\/baldumarket.lt\/lt\/wp-json\/wp\/v2\/media?parent=109513"}],"wp:term":[{"taxonomy":"product_brand","embeddable":true,"href":"https:\/\/baldumarket.lt\/lt\/wp-json\/wp\/v2\/product_brand?post=109513"},{"taxonomy":"product_cat","embeddable":true,"href":"https:\/\/baldumarket.lt\/lt\/wp-json\/wp\/v2\/product_cat?post=109513"},{"taxonomy":"product_tag","embeddable":true,"href":"https:\/\/baldumarket.lt\/lt\/wp-json\/wp\/v2\/product_tag?post=109513"}],"curies":[{"name":"wp","href":"https:\/\/api.w.org\/{rel}","templated":true}]}}