{"id":109486,"date":"2025-12-08T10:18:01","date_gmt":"2025-12-08T07:18:01","guid":{"rendered":"https:\/\/baldumarket.lt\/?post_type=product&#038;p=109486"},"modified":"2026-04-13T18:08:23","modified_gmt":"2026-04-13T15:08:23","slug":"tivoli-chest-of-drawers-02-premium-gr-c","status":"publish","type":"product","link":"https:\/\/baldumarket.lt\/lt\/product\/tivoli-chest-of-drawers-02-premium-gr-c\/","title":{"rendered":"Tivoli komoda 02 Premium Gr-C"},"content":{"rendered":"<p>\u201eTivoli\u201c \u2013 tai moderni ir eleganti\u0161ka miegamojo bald\u0173 kolekcija su \u0105\u017euolo masyvo elementais. \u0160ios kolekcijos segmentai i\u0161siskiria unikalia \u0105\u017euolo medienos apdaila, kuri pirmiausia \u0161lifuojama, o v\u0117liau va\u0161kuojama. \u0160is kruop\u0161tus ir kruop\u0161tus apdorojimas apsaugo baldus nuo laiko i\u0161bandymo ir tuo pa\u010diu metu suteikia jiems malonumo liesti. Modern\u016bs stiliaus sprendimai dera su moderniomis technologijomis, kurios padidina naudotojo komfort\u0105. Nuoseklus spint\u0173 vidaus ap\u0161vietimas, ak\u012f traukianti, ap\u0161viesta mink\u0161ta galvos atrama su spalvos keitimo galimybe ir \u0161velnaus u\u017edarymo sistema visuose kolekcijos elementuose \u2013 tai tik keletas i\u0161 j\u0173. Kitas svarbus \u201eTivoli\u201c kolekcijos bruo\u017eas \u2013 gerai apgalvotas ir prakti\u0161kas bald\u0173 vidinio pavir\u0161iaus padalijimas, tod\u0117l jie yra erdv\u016bs ir funkcional\u016bs, bet kartu ir eleganti\u0161ki.<\/p>","protected":false},"excerpt":{"rendered":"<p>\u201eTivoli\u201c \u2013 tai moderni ir eleganti\u0161ka miegamojo bald\u0173 kolekcija su masyvios \u0105\u017euolo medienos elementais. \u0160ios kolekcijos segmentai i\u0161siskiria unikalia \u0105\u017euolo medienos apdaila, kuri pirmiausia \u0161lifuojama, o v\u0117liau va\u0161kuojama. \u0160is kruop\u0161tus ir kruop\u0161tus apdorojimas padeda baldams atlaikyti laiko i\u0161bandym\u0105 ir galiausiai [\u2026]<\/p>","protected":false},"featured_media":109488,"comment_status":"open","ping_status":"closed","template":"","meta":[],"product_brand":[],"product_cat":[9133],"product_tag":[],"class_list":{"0":"post-109486","1":"product","2":"type-product","3":"status-publish","4":"has-post-thumbnail","6":"product_cat-grouped","8":"first","9":"instock","10":"shipping-taxable","11":"product-type-variable","12":"wvs-archive-product-wrapper"},"_links":{"self":[{"href":"https:\/\/baldumarket.lt\/lt\/wp-json\/wp\/v2\/product\/109486","targetHints":{"allow":["GET"]}}],"collection":[{"href":"https:\/\/baldumarket.lt\/lt\/wp-json\/wp\/v2\/product"}],"about":[{"href":"https:\/\/baldumarket.lt\/lt\/wp-json\/wp\/v2\/types\/product"}],"replies":[{"embeddable":true,"href":"https:\/\/baldumarket.lt\/lt\/wp-json\/wp\/v2\/comments?post=109486"}],"wp:featuredmedia":[{"embeddable":true,"href":"https:\/\/baldumarket.lt\/lt\/wp-json\/wp\/v2\/media\/109488"}],"wp:attachment":[{"href":"https:\/\/baldumarket.lt\/lt\/wp-json\/wp\/v2\/media?parent=109486"}],"wp:term":[{"taxonomy":"product_brand","embeddable":true,"href":"https:\/\/baldumarket.lt\/lt\/wp-json\/wp\/v2\/product_brand?post=109486"},{"taxonomy":"product_cat","embeddable":true,"href":"https:\/\/baldumarket.lt\/lt\/wp-json\/wp\/v2\/product_cat?post=109486"},{"taxonomy":"product_tag","embeddable":true,"href":"https:\/\/baldumarket.lt\/lt\/wp-json\/wp\/v2\/product_tag?post=109486"}],"curies":[{"name":"wp","href":"https:\/\/api.w.org\/{rel}","templated":true}]}}