{"id":109373,"date":"2025-12-08T10:06:25","date_gmt":"2025-12-08T07:06:25","guid":{"rendered":"https:\/\/baldumarket.lt\/?post_type=product&#038;p=109373"},"modified":"2026-04-13T18:08:23","modified_gmt":"2026-04-13T15:08:23","slug":"tivoli-bed-160-standard","status":"publish","type":"product","link":"https:\/\/baldumarket.lt\/lt\/product\/tivoli-bed-160-standard\/","title":{"rendered":"Tivoli lova 160 Standartinis"},"content":{"rendered":"<p>\u201eTivoli\u201c kolekcijoje si\u016blomos lovos trij\u0173 plo\u010di\u0173: 140, 160 ir 180 cm. Tiek naktiniai staleliai, tiek apmu\u0161tas atlo\u0161as sukuria vientis\u0105 lovos visum\u0105. Lankst\u016bs vir\u0161utiniai \u0161viestuvai ir atlo\u0161o ap\u0161vietimas su spalv\u0105 kei\u010dian\u010dia funkcija yra svarb\u016bs papildomi elementai. Visos lovos turi patalyn\u0117s d\u0117\u017ees ir pakeliam\u0105 lovos r\u0117m\u0105 su spyruoklin\u0117mis grotel\u0117mis po \u010diu\u017einiu. Audini\u0173 naudojimas atlo\u0161e ir r\u0117me leid\u017eia neribotai individualizuoti lov\u0105.<\/p>","protected":false},"excerpt":{"rendered":"<p>\u201eTivoli\u201c kolekcijoje si\u016blomos lovos trij\u0173 plo\u010di\u0173: 140, 160 ir 180 cm. Tiek naktiniai staleliai, tiek apmu\u0161tas atlo\u0161as sukuria vientis\u0105 lovos visum\u0105. Lankst\u016bs vir\u0161utiniai \u0161viestuvai ir atlo\u0161o ap\u0161vietimas su spalv\u0105 kei\u010dian\u010dia funkcija yra svarb\u016bs papildomi elementai. Visos lovos turi patalyn\u0117s d\u0117\u017ees ir pakeliam\u0105 lovos r\u0117m\u0105 su spyruoklin\u0117mis grotel\u0117mis [\u2026]<\/p>","protected":false},"featured_media":109393,"comment_status":"open","ping_status":"closed","template":"","meta":[],"product_brand":[],"product_cat":[9133],"product_tag":[],"class_list":{"0":"post-109373","1":"product","2":"type-product","3":"status-publish","4":"has-post-thumbnail","6":"product_cat-grouped","8":"first","9":"instock","10":"shipping-taxable","11":"product-type-variable","12":"wvs-archive-product-wrapper"},"_links":{"self":[{"href":"https:\/\/baldumarket.lt\/lt\/wp-json\/wp\/v2\/product\/109373","targetHints":{"allow":["GET"]}}],"collection":[{"href":"https:\/\/baldumarket.lt\/lt\/wp-json\/wp\/v2\/product"}],"about":[{"href":"https:\/\/baldumarket.lt\/lt\/wp-json\/wp\/v2\/types\/product"}],"replies":[{"embeddable":true,"href":"https:\/\/baldumarket.lt\/lt\/wp-json\/wp\/v2\/comments?post=109373"}],"wp:featuredmedia":[{"embeddable":true,"href":"https:\/\/baldumarket.lt\/lt\/wp-json\/wp\/v2\/media\/109393"}],"wp:attachment":[{"href":"https:\/\/baldumarket.lt\/lt\/wp-json\/wp\/v2\/media?parent=109373"}],"wp:term":[{"taxonomy":"product_brand","embeddable":true,"href":"https:\/\/baldumarket.lt\/lt\/wp-json\/wp\/v2\/product_brand?post=109373"},{"taxonomy":"product_cat","embeddable":true,"href":"https:\/\/baldumarket.lt\/lt\/wp-json\/wp\/v2\/product_cat?post=109373"},{"taxonomy":"product_tag","embeddable":true,"href":"https:\/\/baldumarket.lt\/lt\/wp-json\/wp\/v2\/product_tag?post=109373"}],"curies":[{"name":"wp","href":"https:\/\/api.w.org\/{rel}","templated":true}]}}