{"id":109259,"date":"2025-12-08T09:54:48","date_gmt":"2025-12-08T06:54:48","guid":{"rendered":"https:\/\/baldumarket.lt\/?post_type=product&#038;p=109259"},"modified":"2026-04-12T00:52:17","modified_gmt":"2026-04-11T21:52:17","slug":"tari-a-0501-4-standard-gr-l2","status":"publish","type":"product","link":"https:\/\/baldumarket.lt\/lt\/product\/tari-a-0501-4-standard-gr-l2\/","title":{"rendered":"Tari A-0501\/4 Standartinis Gr-L2"},"content":{"rendered":"<p>Dizainas: Charaziak Design<br \/>\nKeturi\u0173 k\u0117d\u017ei\u0173 stovas i\u0161 \u201eTari\u201c kolekcijos, supaprastinantis laikym\u0105 ir transportavim\u0105.<br \/>\n\u201eTari\u201c \u2013 vienintel\u0117 sulankstoma k\u0117d\u0117 m\u016bs\u0173 pasi\u016blyme. Pagaminta i\u0161 lenktos ir profiliuotos faneros, ji idealiai tinka laikinai \u012frengtoms erdv\u0117ms, tokioms kaip dirbtuv\u0117s ar konferencij\u0173 sal\u0117s.<\/p>","protected":false},"excerpt":{"rendered":"<p>Dizainas: \u201eCharaziak Design\u201c. 4 k\u0117d\u017ei\u0173 stovas i\u0161 \u201eTari\u201c kolekcijos, supaprastinantis sand\u0117liavim\u0105 ir transportavim\u0105. \u201eTari\u201c yra vienintel\u0117 sulankstoma k\u0117d\u0117 m\u016bs\u0173 pasi\u016blyme. Pagaminta i\u0161 lenktos ir profiliuotos faneros, ji idealiai tinka laikinai \u012frengtoms erdv\u0117ms, tokioms kaip dirbtuv\u0117s ar konferencij\u0173 sal\u0117s.<\/p>","protected":false},"featured_media":109267,"comment_status":"open","ping_status":"closed","template":"","meta":[],"product_brand":[],"product_cat":[9133],"product_tag":[],"class_list":{"0":"post-109259","1":"product","2":"type-product","3":"status-publish","4":"has-post-thumbnail","6":"product_cat-grouped","8":"first","9":"instock","10":"shipping-taxable","11":"product-type-variable","12":"wvs-archive-product-wrapper"},"_links":{"self":[{"href":"https:\/\/baldumarket.lt\/lt\/wp-json\/wp\/v2\/product\/109259","targetHints":{"allow":["GET"]}}],"collection":[{"href":"https:\/\/baldumarket.lt\/lt\/wp-json\/wp\/v2\/product"}],"about":[{"href":"https:\/\/baldumarket.lt\/lt\/wp-json\/wp\/v2\/types\/product"}],"replies":[{"embeddable":true,"href":"https:\/\/baldumarket.lt\/lt\/wp-json\/wp\/v2\/comments?post=109259"}],"wp:featuredmedia":[{"embeddable":true,"href":"https:\/\/baldumarket.lt\/lt\/wp-json\/wp\/v2\/media\/109267"}],"wp:attachment":[{"href":"https:\/\/baldumarket.lt\/lt\/wp-json\/wp\/v2\/media?parent=109259"}],"wp:term":[{"taxonomy":"product_brand","embeddable":true,"href":"https:\/\/baldumarket.lt\/lt\/wp-json\/wp\/v2\/product_brand?post=109259"},{"taxonomy":"product_cat","embeddable":true,"href":"https:\/\/baldumarket.lt\/lt\/wp-json\/wp\/v2\/product_cat?post=109259"},{"taxonomy":"product_tag","embeddable":true,"href":"https:\/\/baldumarket.lt\/lt\/wp-json\/wp\/v2\/product_tag?post=109259"}],"curies":[{"name":"wp","href":"https:\/\/api.w.org\/{rel}","templated":true}]}}