{"id":109197,"date":"2025-12-08T09:49:51","date_gmt":"2025-12-08T06:49:51","guid":{"rendered":"https:\/\/baldumarket.lt\/?post_type=product&#038;p=109197"},"modified":"2026-02-11T02:01:55","modified_gmt":"2026-02-10T23:01:55","slug":"t-9739-46-premium-gr-a","status":"publish","type":"product","link":"https:\/\/baldumarket.lt\/lt\/product\/t-9739-46-premium-gr-a\/","title":{"rendered":"T-9739\/46 Premium Gr-A"},"content":{"rendered":"<p>Originali T-9739 taburet\u0117, pagaminta naudojant tradicin\u0119 rankinio buko medienos lenkimo technologij\u0105, gra\u017eiai atspindi lenktus buko elementus, jungian\u010dius s\u0117dyn\u0119 ir kojas. Taburet\u0117 tiekiama su s\u0117dyne \u2013 apmu\u0161ta, pagaminta i\u0161 faneros su reljefu arba u\u017epildyta rotango pyn\u0117mis.<\/p>","protected":false},"excerpt":{"rendered":"<p>Originali T-9739 taburet\u0117, pagaminta naudojant tradicin\u0119 rankinio buko medienos lenkimo technologij\u0105, gra\u017eiai atspindi lenktus buko elementus, jungian\u010dius s\u0117dyn\u0119 ir kojas. Taburet\u0117 tiekiama su s\u0117dyne \u2013 apmu\u0161ta, pagaminta i\u0161 faneros su reljefu arba u\u017epildyta rotango pyn\u0117mis.<\/p>","protected":false},"featured_media":109203,"comment_status":"open","ping_status":"closed","template":"","meta":[],"product_brand":[],"product_cat":[9133],"product_tag":[],"class_list":{"0":"post-109197","1":"product","2":"type-product","3":"status-publish","4":"has-post-thumbnail","6":"product_cat-grouped","8":"first","9":"instock","10":"shipping-taxable","11":"product-type-variable","12":"wvs-archive-product-wrapper"},"_links":{"self":[{"href":"https:\/\/baldumarket.lt\/lt\/wp-json\/wp\/v2\/product\/109197","targetHints":{"allow":["GET"]}}],"collection":[{"href":"https:\/\/baldumarket.lt\/lt\/wp-json\/wp\/v2\/product"}],"about":[{"href":"https:\/\/baldumarket.lt\/lt\/wp-json\/wp\/v2\/types\/product"}],"replies":[{"embeddable":true,"href":"https:\/\/baldumarket.lt\/lt\/wp-json\/wp\/v2\/comments?post=109197"}],"wp:featuredmedia":[{"embeddable":true,"href":"https:\/\/baldumarket.lt\/lt\/wp-json\/wp\/v2\/media\/109203"}],"wp:attachment":[{"href":"https:\/\/baldumarket.lt\/lt\/wp-json\/wp\/v2\/media?parent=109197"}],"wp:term":[{"taxonomy":"product_brand","embeddable":true,"href":"https:\/\/baldumarket.lt\/lt\/wp-json\/wp\/v2\/product_brand?post=109197"},{"taxonomy":"product_cat","embeddable":true,"href":"https:\/\/baldumarket.lt\/lt\/wp-json\/wp\/v2\/product_cat?post=109197"},{"taxonomy":"product_tag","embeddable":true,"href":"https:\/\/baldumarket.lt\/lt\/wp-json\/wp\/v2\/product_tag?post=109197"}],"curies":[{"name":"wp","href":"https:\/\/api.w.org\/{rel}","templated":true}]}}