{"id":109166,"date":"2025-12-08T09:46:57","date_gmt":"2025-12-08T06:46:57","guid":{"rendered":"https:\/\/baldumarket.lt\/?post_type=product&#038;p=109166"},"modified":"2026-04-12T19:16:29","modified_gmt":"2026-04-12T16:16:29","slug":"stick-a-0537-premium-gr-b-2","status":"publish","type":"product","link":"https:\/\/baldumarket.lt\/lt\/product\/stick-a-0537-premium-gr-b-2\/","title":{"rendered":"Lazdel\u0117 A-0537 Premium Gr-B"},"content":{"rendered":"<p>\u201eStick\u201c \u2013 klasikinio vinta\u017einio stiliaus k\u0117d\u0117. Patog\u0173 s\u0117d\u0117jim\u0105 u\u017etikrina kont\u016bruota konstrukcija, liekni, rankomis poliruoti atlo\u0161o laipteliai su i\u0161skirtiniu arkos formos skersiniu ir unikali pasagos formos s\u0117dyn\u0117 su subtiliai apjuosian\u010diu kra\u0161tu. I\u0161skirtin\u0117s, siaur\u0117jan\u010dios kojel\u0117s ir susikertantys laipteliai suteikia k\u0117dei subtili\u0105 form\u0105 ir i\u0161skiria j\u0105 i\u0161 kit\u0173 \u0161ios serijos bald\u0173.<\/p>","protected":false},"excerpt":{"rendered":"<p>\u201eStick\u201c \u2013 tai klasikinio vinta\u017einio stiliaus k\u0117d\u0117. Patog\u0173 s\u0117d\u0117jim\u0105 u\u017etikrina kont\u016bruota konstrukcija, liekni, rankomis poliruoti atlo\u0161o laipteliai su i\u0161skirtiniu arkos formos skersiniu ir unikali pasagos formos s\u0117dyn\u0117 su subtiliai apjuosian\u010diu kra\u0161tu. I\u0161skirtin\u0117s, siaur\u0117jan\u010dios kojel\u0117s ir susikertantys laipteliai suteikia k\u0117dei subtili\u0105 form\u0105 ir i\u0161skiria j\u0105 i\u0161 kit\u0173 \u0161ios [\u2026] klas\u0117s bald\u0173.<\/p>","protected":false},"featured_media":109170,"comment_status":"open","ping_status":"closed","template":"","meta":[],"product_brand":[],"product_cat":[9133],"product_tag":[],"class_list":{"0":"post-109166","1":"product","2":"type-product","3":"status-publish","4":"has-post-thumbnail","6":"product_cat-grouped","8":"first","9":"instock","10":"shipping-taxable","11":"product-type-variable","12":"wvs-archive-product-wrapper"},"_links":{"self":[{"href":"https:\/\/baldumarket.lt\/lt\/wp-json\/wp\/v2\/product\/109166","targetHints":{"allow":["GET"]}}],"collection":[{"href":"https:\/\/baldumarket.lt\/lt\/wp-json\/wp\/v2\/product"}],"about":[{"href":"https:\/\/baldumarket.lt\/lt\/wp-json\/wp\/v2\/types\/product"}],"replies":[{"embeddable":true,"href":"https:\/\/baldumarket.lt\/lt\/wp-json\/wp\/v2\/comments?post=109166"}],"wp:featuredmedia":[{"embeddable":true,"href":"https:\/\/baldumarket.lt\/lt\/wp-json\/wp\/v2\/media\/109170"}],"wp:attachment":[{"href":"https:\/\/baldumarket.lt\/lt\/wp-json\/wp\/v2\/media?parent=109166"}],"wp:term":[{"taxonomy":"product_brand","embeddable":true,"href":"https:\/\/baldumarket.lt\/lt\/wp-json\/wp\/v2\/product_brand?post=109166"},{"taxonomy":"product_cat","embeddable":true,"href":"https:\/\/baldumarket.lt\/lt\/wp-json\/wp\/v2\/product_cat?post=109166"},{"taxonomy":"product_tag","embeddable":true,"href":"https:\/\/baldumarket.lt\/lt\/wp-json\/wp\/v2\/product_tag?post=109166"}],"curies":[{"name":"wp","href":"https:\/\/api.w.org\/{rel}","templated":true}]}}