{"id":108878,"date":"2025-12-08T09:20:21","date_gmt":"2025-12-08T06:20:21","guid":{"rendered":"https:\/\/baldumarket.lt\/?post_type=product&#038;p=108878"},"modified":"2026-04-12T18:03:47","modified_gmt":"2026-04-12T15:03:47","slug":"solid-bst-9449-premium-gr-c-2","status":"publish","type":"product","link":"https:\/\/baldumarket.lt\/lt\/product\/solid-bst-9449-premium-gr-c-2\/","title":{"rendered":"Kieta BST-9449 Premium Gr-C"},"content":{"rendered":"<p>Projektas: \u201eFameg\u201c moksliniai tyrimai ir pl\u0117tra<br \/>\n\u201eSolid\u201c \u2013 klasikin\u0117, kone ikoni\u0161ka staliaus k\u0117d\u0117 ir baro taburet\u0117. Paprastas, universalus, patvarus \u2013 tai dizaino pavyzdys, puikiai tinkantis \u012fvairiose erdv\u0117se daugel\u012f de\u0161imtme\u010di\u0173. \u201eSolid\u201c kolekcija si\u016bloma \u012fvairi\u0173 variant\u0173: visi\u0161kai medin\u0117, su apmu\u0161ta s\u0117dyne ir atlo\u0161u, su porankiais arba be j\u0173.<\/p>","protected":false},"excerpt":{"rendered":"<p>Projektas: \u201eR&amp;D Fameg Solid\u201c \u2013 tai klasikin\u0117, kone ikoni\u0161ka staliaus k\u0117d\u0117 ir baro taburet\u0117. Paprasta, universali, patvari \u2013 tai dizaino pavyzdys, puikiai tinkantis \u012fvairiose erdv\u0117se daugel\u012f de\u0161imtme\u010di\u0173. \u201eSolid\u201c kolekcija si\u016bloma \u012fvairi\u0173 variant\u0173: visi\u0161kai medin\u0117, su apmu\u0161ta s\u0117dyne ir atlo\u0161u, su porankiais arba be j\u0173.<\/p>","protected":false},"featured_media":108872,"comment_status":"open","ping_status":"closed","template":"","meta":[],"product_brand":[],"product_cat":[9133],"product_tag":[],"class_list":{"0":"post-108878","1":"product","2":"type-product","3":"status-publish","4":"has-post-thumbnail","6":"product_cat-grouped","8":"first","9":"instock","10":"shipping-taxable","11":"product-type-variable","12":"wvs-archive-product-wrapper"},"_links":{"self":[{"href":"https:\/\/baldumarket.lt\/lt\/wp-json\/wp\/v2\/product\/108878","targetHints":{"allow":["GET"]}}],"collection":[{"href":"https:\/\/baldumarket.lt\/lt\/wp-json\/wp\/v2\/product"}],"about":[{"href":"https:\/\/baldumarket.lt\/lt\/wp-json\/wp\/v2\/types\/product"}],"replies":[{"embeddable":true,"href":"https:\/\/baldumarket.lt\/lt\/wp-json\/wp\/v2\/comments?post=108878"}],"wp:featuredmedia":[{"embeddable":true,"href":"https:\/\/baldumarket.lt\/lt\/wp-json\/wp\/v2\/media\/108872"}],"wp:attachment":[{"href":"https:\/\/baldumarket.lt\/lt\/wp-json\/wp\/v2\/media?parent=108878"}],"wp:term":[{"taxonomy":"product_brand","embeddable":true,"href":"https:\/\/baldumarket.lt\/lt\/wp-json\/wp\/v2\/product_brand?post=108878"},{"taxonomy":"product_cat","embeddable":true,"href":"https:\/\/baldumarket.lt\/lt\/wp-json\/wp\/v2\/product_cat?post=108878"},{"taxonomy":"product_tag","embeddable":true,"href":"https:\/\/baldumarket.lt\/lt\/wp-json\/wp\/v2\/product_tag?post=108878"}],"curies":[{"name":"wp","href":"https:\/\/api.w.org\/{rel}","templated":true}]}}