{"id":108746,"date":"2025-12-08T09:08:32","date_gmt":"2025-12-08T06:08:32","guid":{"rendered":"https:\/\/baldumarket.lt\/?post_type=product&#038;p=108746"},"modified":"2026-04-12T18:03:47","modified_gmt":"2026-04-12T15:03:47","slug":"solid-b-9449-premium-gr-l1","status":"publish","type":"product","link":"https:\/\/baldumarket.lt\/lt\/product\/solid-b-9449-premium-gr-l1\/","title":{"rendered":"Kieta B-9449 Premium Gr-L1"},"content":{"rendered":"<p>Klasikin\u0117, kone ikoni\u0161ka staliaus k\u0117d\u0117. Paprasta ir universali, tai dizaino, kuris de\u0161imtme\u010dius puikiai veik\u0117 \u012fvairiose erdv\u0117se, pavyzdys.<\/p>","protected":false},"excerpt":{"rendered":"<p>Klasikin\u0117, kone ikoni\u0161ka staliaus k\u0117d\u0117. Paprasta ir universali, tai dizaino, kuris de\u0161imtme\u010dius puikiai veik\u0117 \u012fvairiose erdv\u0117se, pavyzdys.<\/p>","protected":false},"featured_media":108738,"comment_status":"open","ping_status":"closed","template":"","meta":[],"product_brand":[],"product_cat":[9133],"product_tag":[],"class_list":{"0":"post-108746","1":"product","2":"type-product","3":"status-publish","4":"has-post-thumbnail","6":"product_cat-grouped","8":"first","9":"instock","10":"shipping-taxable","11":"product-type-variable","12":"wvs-archive-product-wrapper"},"_links":{"self":[{"href":"https:\/\/baldumarket.lt\/lt\/wp-json\/wp\/v2\/product\/108746","targetHints":{"allow":["GET"]}}],"collection":[{"href":"https:\/\/baldumarket.lt\/lt\/wp-json\/wp\/v2\/product"}],"about":[{"href":"https:\/\/baldumarket.lt\/lt\/wp-json\/wp\/v2\/types\/product"}],"replies":[{"embeddable":true,"href":"https:\/\/baldumarket.lt\/lt\/wp-json\/wp\/v2\/comments?post=108746"}],"wp:featuredmedia":[{"embeddable":true,"href":"https:\/\/baldumarket.lt\/lt\/wp-json\/wp\/v2\/media\/108738"}],"wp:attachment":[{"href":"https:\/\/baldumarket.lt\/lt\/wp-json\/wp\/v2\/media?parent=108746"}],"wp:term":[{"taxonomy":"product_brand","embeddable":true,"href":"https:\/\/baldumarket.lt\/lt\/wp-json\/wp\/v2\/product_brand?post=108746"},{"taxonomy":"product_cat","embeddable":true,"href":"https:\/\/baldumarket.lt\/lt\/wp-json\/wp\/v2\/product_cat?post=108746"},{"taxonomy":"product_tag","embeddable":true,"href":"https:\/\/baldumarket.lt\/lt\/wp-json\/wp\/v2\/product_tag?post=108746"}],"curies":[{"name":"wp","href":"https:\/\/api.w.org\/{rel}","templated":true}]}}