{"id":108576,"date":"2025-12-08T08:53:08","date_gmt":"2025-12-08T05:53:08","guid":{"rendered":"https:\/\/baldumarket.lt\/?post_type=product&#038;p=108576"},"modified":"2026-02-11T02:33:58","modified_gmt":"2026-02-10T23:33:58","slug":"snug-b-1515-2-premium-gr-d","status":"publish","type":"product","link":"https:\/\/baldumarket.lt\/lt\/product\/snug-b-1515-2-premium-gr-d\/","title":{"rendered":"Snug B-1515\/2 Premium Gr-D"},"content":{"rendered":"<p>Dizainas: STROOG Andrzej L\u0119cko\u015b<br \/>\n\u201eSnug\u201c \u2013 tai jaukus, modulinis dizainas, leid\u017eiantis kurti \u012fvairius derinius i\u0161 trij\u0173 speciali\u0173 form\u0173. Standarti\u0161kai kiekviena forma turi jungtis visose keturiose pus\u0117se, tod\u0117l galite sukurti bet koki\u0105 norim\u0105 funkcij\u0105 \u2013 nuo paprasto fotelio iki ku\u0161et\u0117s ar rafinuotos, dvipus\u0117s kampin\u0117s sofos. Vienintel\u0117 riba \u2013 j\u016bs\u0173 vaizduot\u0117.<br \/>\n#snug #sofa 1TP5K\u0117d\u0117<\/p>","protected":false},"excerpt":{"rendered":"<p>Dizainas: STROOG Andrzej L\u0119cko\u015b \u201eSnug\u201c \u2013 tai jaukus, modulinis dizainas, leid\u017eiantis kurti \u012fvairius derinius i\u0161 trij\u0173 speciali\u0173 form\u0173. Standarti\u0161kai kiekviena forma turi jungtis visose keturiose pus\u0117se, tod\u0117l galite sukurti bet koki\u0105 norim\u0105 funkcij\u0105 \u2013 nuo paprasto fotelio iki ku\u0161et\u0117s ar rafinuotos, dvipus\u0117s kampin\u0117s sofos. [\u2026]<\/p>","protected":false},"featured_media":108572,"comment_status":"open","ping_status":"closed","template":"","meta":[],"product_brand":[],"product_cat":[9133],"product_tag":[],"class_list":{"0":"post-108576","1":"product","2":"type-product","3":"status-publish","4":"has-post-thumbnail","6":"product_cat-grouped","8":"first","9":"instock","10":"shipping-taxable","11":"product-type-variable","12":"wvs-archive-product-wrapper"},"_links":{"self":[{"href":"https:\/\/baldumarket.lt\/lt\/wp-json\/wp\/v2\/product\/108576","targetHints":{"allow":["GET"]}}],"collection":[{"href":"https:\/\/baldumarket.lt\/lt\/wp-json\/wp\/v2\/product"}],"about":[{"href":"https:\/\/baldumarket.lt\/lt\/wp-json\/wp\/v2\/types\/product"}],"replies":[{"embeddable":true,"href":"https:\/\/baldumarket.lt\/lt\/wp-json\/wp\/v2\/comments?post=108576"}],"wp:featuredmedia":[{"embeddable":true,"href":"https:\/\/baldumarket.lt\/lt\/wp-json\/wp\/v2\/media\/108572"}],"wp:attachment":[{"href":"https:\/\/baldumarket.lt\/lt\/wp-json\/wp\/v2\/media?parent=108576"}],"wp:term":[{"taxonomy":"product_brand","embeddable":true,"href":"https:\/\/baldumarket.lt\/lt\/wp-json\/wp\/v2\/product_brand?post=108576"},{"taxonomy":"product_cat","embeddable":true,"href":"https:\/\/baldumarket.lt\/lt\/wp-json\/wp\/v2\/product_cat?post=108576"},{"taxonomy":"product_tag","embeddable":true,"href":"https:\/\/baldumarket.lt\/lt\/wp-json\/wp\/v2\/product_tag?post=108576"}],"curies":[{"name":"wp","href":"https:\/\/api.w.org\/{rel}","templated":true}]}}