{"id":108516,"date":"2025-12-08T08:47:30","date_gmt":"2025-12-08T05:47:30","guid":{"rendered":"https:\/\/baldumarket.lt\/?post_type=product&#038;p=108516"},"modified":"2026-02-11T02:33:51","modified_gmt":"2026-02-10T23:33:51","slug":"skool-bstm-2121-premium-gr-d","status":"publish","type":"product","link":"https:\/\/baldumarket.lt\/lt\/product\/skool-bstm-2121-premium-gr-d\/","title":{"rendered":"Skool BSTM-2121 Premium Gr-D"},"content":{"rendered":"<p>Dizaineris: BUCK.STUDIO<br \/>\nSKOOL k\u0117d\u0117 apjungia modern\u0173 dizain\u0105<br \/>\nsu patvarumu ir funkcionalumu. Dizaineris sutelk\u0117 d\u0117mes\u012f<br \/>\nd\u0117l harmoningo med\u017eio ir metalo derinio, d\u0117l kurio gaunamas<br \/>\nbaldas, kuris yra ir prakti\u0161kas, ir tvirtas<br \/>\nir vizualiai intriguojantis. Auk\u0161tos kokyb\u0117s medienos naudojimas u\u017etikrina ilgaam\u017ei\u0161kum\u0105 ir malon\u0173<br \/>\nnaudojimo patirt\u012f. Mediena suteikia k\u0117dei \u0161ilt\u0105 ir nat\u016bralumo poj\u016bt\u012f, sukurdama atmosfer\u0105, palanki\u0105 poilsiui ir darbui. Tvirta metalin\u0117 konstrukcija garantuoja stabilum\u0105 ir ilgaam\u017ei\u0161kum\u0105, tod\u0117l k\u0117d\u0117 idealiai tinka tiek komercin\u0117ms, tiek nam\u0173 erdv\u0117ms. Idealiai tinka modernioms biuro erdv\u0117ms, kavin\u0117ms ir jaukiems nam\u0173 valgomiesiems.<\/p>","protected":false},"excerpt":{"rendered":"<p>Dizaineris: BUCK.STUDIO SKOOL k\u0117d\u0117 derina modern\u0173 dizain\u0105 su patvarumu ir funkcionalumu. Dizaineris sutelk\u0117 d\u0117mes\u012f \u012f darn\u0173 med\u017eio ir metalo derin\u012f, tod\u0117l \u0161is baldas yra prakti\u0161kas, tvirtas ir vizualiai patrauklus. Auk\u0161tos kokyb\u0117s medienos naudojimas u\u017etikrina patvarum\u0105 ir maloni\u0105 naudojimo patirt\u012f. Mediena suteikia k\u0117dei [\u2026]<\/p>","protected":false},"featured_media":108510,"comment_status":"open","ping_status":"closed","template":"","meta":[],"product_brand":[],"product_cat":[9133],"product_tag":[],"class_list":{"0":"post-108516","1":"product","2":"type-product","3":"status-publish","4":"has-post-thumbnail","6":"product_cat-grouped","8":"first","9":"instock","10":"shipping-taxable","11":"product-type-variable","12":"wvs-archive-product-wrapper"},"_links":{"self":[{"href":"https:\/\/baldumarket.lt\/lt\/wp-json\/wp\/v2\/product\/108516","targetHints":{"allow":["GET"]}}],"collection":[{"href":"https:\/\/baldumarket.lt\/lt\/wp-json\/wp\/v2\/product"}],"about":[{"href":"https:\/\/baldumarket.lt\/lt\/wp-json\/wp\/v2\/types\/product"}],"replies":[{"embeddable":true,"href":"https:\/\/baldumarket.lt\/lt\/wp-json\/wp\/v2\/comments?post=108516"}],"wp:featuredmedia":[{"embeddable":true,"href":"https:\/\/baldumarket.lt\/lt\/wp-json\/wp\/v2\/media\/108510"}],"wp:attachment":[{"href":"https:\/\/baldumarket.lt\/lt\/wp-json\/wp\/v2\/media?parent=108516"}],"wp:term":[{"taxonomy":"product_brand","embeddable":true,"href":"https:\/\/baldumarket.lt\/lt\/wp-json\/wp\/v2\/product_brand?post=108516"},{"taxonomy":"product_cat","embeddable":true,"href":"https:\/\/baldumarket.lt\/lt\/wp-json\/wp\/v2\/product_cat?post=108516"},{"taxonomy":"product_tag","embeddable":true,"href":"https:\/\/baldumarket.lt\/lt\/wp-json\/wp\/v2\/product_tag?post=108516"}],"curies":[{"name":"wp","href":"https:\/\/api.w.org\/{rel}","templated":true}]}}