{"id":108426,"date":"2025-12-08T08:39:15","date_gmt":"2025-12-08T05:39:15","guid":{"rendered":"https:\/\/baldumarket.lt\/?post_type=product&#038;p=108426"},"modified":"2026-04-12T00:52:17","modified_gmt":"2026-04-11T21:52:17","slug":"skip-b-1524-standard-gr-c","status":"publish","type":"product","link":"https:\/\/baldumarket.lt\/lt\/product\/skip-b-1524-standard-gr-c\/","title":{"rendered":"Skip B-1524 Standartinis Gr-C"},"content":{"rendered":"<p>Dizainas: STROOG Andrzej L\u0119cko\u015b<br \/>\n\u201eSkip\u201c \u2013 patogus fotelis, pasi\u017eymintis \u0161velniomis ir harmoningomis formomis. Jo apvali, subtili forma puikiai dera prie restoran\u0173, vie\u0161bu\u010di\u0173 ir but\u0173 interjero.<\/p>","protected":false},"excerpt":{"rendered":"<p>Dizainas: STROOG Andrzej L\u0119cko\u015b \u201eSkip\u201c \u2013 patogus fotelis, pasi\u017eymintis \u0161velniomis ir harmoningomis formomis. Apvali, subtili forma puikiai dera restoran\u0173, vie\u0161bu\u010di\u0173 ir but\u0173 interjeruose.<\/p>","protected":false},"featured_media":108440,"comment_status":"open","ping_status":"closed","template":"","meta":[],"product_brand":[],"product_cat":[9133],"product_tag":[],"class_list":{"0":"post-108426","1":"product","2":"type-product","3":"status-publish","4":"has-post-thumbnail","6":"product_cat-grouped","8":"first","9":"instock","10":"shipping-taxable","11":"product-type-variable","12":"wvs-archive-product-wrapper"},"_links":{"self":[{"href":"https:\/\/baldumarket.lt\/lt\/wp-json\/wp\/v2\/product\/108426","targetHints":{"allow":["GET"]}}],"collection":[{"href":"https:\/\/baldumarket.lt\/lt\/wp-json\/wp\/v2\/product"}],"about":[{"href":"https:\/\/baldumarket.lt\/lt\/wp-json\/wp\/v2\/types\/product"}],"replies":[{"embeddable":true,"href":"https:\/\/baldumarket.lt\/lt\/wp-json\/wp\/v2\/comments?post=108426"}],"wp:featuredmedia":[{"embeddable":true,"href":"https:\/\/baldumarket.lt\/lt\/wp-json\/wp\/v2\/media\/108440"}],"wp:attachment":[{"href":"https:\/\/baldumarket.lt\/lt\/wp-json\/wp\/v2\/media?parent=108426"}],"wp:term":[{"taxonomy":"product_brand","embeddable":true,"href":"https:\/\/baldumarket.lt\/lt\/wp-json\/wp\/v2\/product_brand?post=108426"},{"taxonomy":"product_cat","embeddable":true,"href":"https:\/\/baldumarket.lt\/lt\/wp-json\/wp\/v2\/product_cat?post=108426"},{"taxonomy":"product_tag","embeddable":true,"href":"https:\/\/baldumarket.lt\/lt\/wp-json\/wp\/v2\/product_tag?post=108426"}],"curies":[{"name":"wp","href":"https:\/\/api.w.org\/{rel}","templated":true}]}}