{"id":108365,"date":"2025-12-08T08:33:39","date_gmt":"2025-12-08T05:33:39","guid":{"rendered":"https:\/\/baldumarket.lt\/?post_type=product&#038;p=108365"},"modified":"2026-04-13T17:06:10","modified_gmt":"2026-04-13T14:06:10","slug":"shell-b-1234-standard-gr-l2","status":"publish","type":"product","link":"https:\/\/baldumarket.lt\/lt\/product\/shell-b-1234-standard-gr-l2\/","title":{"rendered":"Shell B-1234 Standartinis Gr-L2"},"content":{"rendered":"<p>Dizainas: R&amp;D Fameg<br \/>\n\u201eShell\u201c \u2013 tai perleistas fotelis, suprojektuotas ir pagamintas 1950-aisiais. \u017demas kibiro formos fotelis ant tekint\u0173 medini\u0173 kojeli\u0173, organi\u0161ka forma, primenanti kriaukles, yra to laikotarpio dizaino bruo\u017eai.<br \/>\n\u201eShell\u201c yra puikus pasirinkimas ne tik dizaino entuziastams.<br \/>\n# \u0161lov\u0117s kolekcija # dizainas # vinta\u017einis # leidimas <\/p>","protected":false},"excerpt":{"rendered":"<p>Dizainas: \u201eR&amp;D Fameg Shell\u201c \u2013 tai perleistas fotelis, suprojektuotas ir pagamintas 1950-aisiais. \u017dema kibiro forma ant tekint\u0173 medini\u0173 kojeli\u0173, organi\u0161ka, kriaukles primenanti forma \u2013 tai to laikotarpio dizaino bruo\u017eai. \u201eShell\u201c \u2013 puikus pasirinkimas ne tik dizaino entuziastams. #famegcollection #design #vintage #reedition<\/p>","protected":false},"featured_media":108375,"comment_status":"open","ping_status":"closed","template":"","meta":[],"product_brand":[],"product_cat":[9133],"product_tag":[],"class_list":{"0":"post-108365","1":"product","2":"type-product","3":"status-publish","4":"has-post-thumbnail","6":"product_cat-grouped","8":"first","9":"instock","10":"shipping-taxable","11":"product-type-variable","12":"wvs-archive-product-wrapper"},"_links":{"self":[{"href":"https:\/\/baldumarket.lt\/lt\/wp-json\/wp\/v2\/product\/108365","targetHints":{"allow":["GET"]}}],"collection":[{"href":"https:\/\/baldumarket.lt\/lt\/wp-json\/wp\/v2\/product"}],"about":[{"href":"https:\/\/baldumarket.lt\/lt\/wp-json\/wp\/v2\/types\/product"}],"replies":[{"embeddable":true,"href":"https:\/\/baldumarket.lt\/lt\/wp-json\/wp\/v2\/comments?post=108365"}],"wp:featuredmedia":[{"embeddable":true,"href":"https:\/\/baldumarket.lt\/lt\/wp-json\/wp\/v2\/media\/108375"}],"wp:attachment":[{"href":"https:\/\/baldumarket.lt\/lt\/wp-json\/wp\/v2\/media?parent=108365"}],"wp:term":[{"taxonomy":"product_brand","embeddable":true,"href":"https:\/\/baldumarket.lt\/lt\/wp-json\/wp\/v2\/product_brand?post=108365"},{"taxonomy":"product_cat","embeddable":true,"href":"https:\/\/baldumarket.lt\/lt\/wp-json\/wp\/v2\/product_cat?post=108365"},{"taxonomy":"product_tag","embeddable":true,"href":"https:\/\/baldumarket.lt\/lt\/wp-json\/wp\/v2\/product_tag?post=108365"}],"curies":[{"name":"wp","href":"https:\/\/api.w.org\/{rel}","templated":true}]}}