{"id":108262,"date":"2025-12-08T08:23:39","date_gmt":"2025-12-08T05:23:39","guid":{"rendered":"https:\/\/baldumarket.lt\/?post_type=product&#038;p=108262"},"modified":"2026-04-12T00:58:30","modified_gmt":"2026-04-11T21:58:30","slug":"senales-st-1703-standard","status":"publish","type":"product","link":"https:\/\/baldumarket.lt\/lt\/product\/senales-st-1703-standard\/","title":{"rendered":"Senales ST-1703 Standartinis"},"content":{"rendered":"<p>Dizainas: STROOG Andrzej L\u0119cko\u015b<br \/>\n\u201eSenales\u201c kolekcijoje si\u016blomi dviej\u0173 tip\u0173 i\u0161traukiami stalai: apval\u016bs ir sta\u010diakampiai. \u0160is stabilus, eleganti\u0161kas apvalus stalas pasi\u017eymi patogia ir prakti\u0161ka i\u0161pl\u0117timo sistema, kuri\u0105 galima i\u0161sipl\u0117sti nuo 1150 mm iki 1550 mm. Pasukamas ir pakreipiamas 400 mm \u012fd\u0117klas yra pasl\u0117ptas po stalvir\u0161iu. Stalo pasvirusios \u0105\u017euolin\u0117s kojos atkartoja pasvirusias kojas, naudojamas televizoriaus staliukui ir dviem indaujoms: 01 ir 05.<\/p>","protected":false},"excerpt":{"rendered":"<p>Dizainas: STROOG Andrzej L\u0119cko\u015b \u201eSenales\u201c kolekcijoje si\u016blomi dviej\u0173 tip\u0173 i\u0161traukiami stalai: apval\u016bs ir sta\u010diakampiai. \u0160is stabilus, eleganti\u0161kas apvalus stalas pasi\u017eymi patogia ir prakti\u0161ka i\u0161traukiama sistema, kuri\u0105 galima prailginti nuo 1150 mm iki 1550 mm. Pasukamas ir pakreipiamas 400 mm \u012fd\u0117klas yra pasl\u0117ptas po stalvir\u0161iu. Stalo pasvirusios \u0105\u017euolin\u0117s kojel\u0117s atkartoja pasvirusias [\u2026]<\/p>","protected":false},"featured_media":108282,"comment_status":"open","ping_status":"closed","template":"","meta":[],"product_brand":[],"product_cat":[9133],"product_tag":[],"class_list":{"0":"post-108262","1":"product","2":"type-product","3":"status-publish","4":"has-post-thumbnail","6":"product_cat-grouped","8":"first","9":"instock","10":"shipping-taxable","11":"product-type-variable","12":"wvs-archive-product-wrapper"},"_links":{"self":[{"href":"https:\/\/baldumarket.lt\/lt\/wp-json\/wp\/v2\/product\/108262","targetHints":{"allow":["GET"]}}],"collection":[{"href":"https:\/\/baldumarket.lt\/lt\/wp-json\/wp\/v2\/product"}],"about":[{"href":"https:\/\/baldumarket.lt\/lt\/wp-json\/wp\/v2\/types\/product"}],"replies":[{"embeddable":true,"href":"https:\/\/baldumarket.lt\/lt\/wp-json\/wp\/v2\/comments?post=108262"}],"wp:featuredmedia":[{"embeddable":true,"href":"https:\/\/baldumarket.lt\/lt\/wp-json\/wp\/v2\/media\/108282"}],"wp:attachment":[{"href":"https:\/\/baldumarket.lt\/lt\/wp-json\/wp\/v2\/media?parent=108262"}],"wp:term":[{"taxonomy":"product_brand","embeddable":true,"href":"https:\/\/baldumarket.lt\/lt\/wp-json\/wp\/v2\/product_brand?post=108262"},{"taxonomy":"product_cat","embeddable":true,"href":"https:\/\/baldumarket.lt\/lt\/wp-json\/wp\/v2\/product_cat?post=108262"},{"taxonomy":"product_tag","embeddable":true,"href":"https:\/\/baldumarket.lt\/lt\/wp-json\/wp\/v2\/product_tag?post=108262"}],"curies":[{"name":"wp","href":"https:\/\/api.w.org\/{rel}","templated":true}]}}