{"id":108208,"date":"2025-12-08T08:18:21","date_gmt":"2025-12-08T05:18:21","guid":{"rendered":"https:\/\/baldumarket.lt\/?post_type=product&#038;p=108208"},"modified":"2026-04-13T16:51:18","modified_gmt":"2026-04-13T13:51:18","slug":"senales-linen-cupboard-p-l-standard-gr-l1","status":"publish","type":"product","link":"https:\/\/baldumarket.lt\/lt\/product\/senales-linen-cupboard-p-l-standard-gr-l1\/","title":{"rendered":"Senales linin\u0117 spinta P\/L Standartinis Gr-L1"},"content":{"rendered":"<p>\u201eSenales\u201c \u2013 tai bald\u0173 kolekcija su med\u017eio masyvo elementais.<br \/>\nJis modernus, nes buvo sukurtas moderniai. Eleganti\u0161kas eksterjeras ir gerai apgalvotas interjeras. Diskreti\u0161ka balta spalva ir minimalistiniai anglies atspalviai. Nat\u016bralu, spindinti ir\u2026 malonu liesti. Nauja bald\u0173 kolekcija skirta svetainei ir valgomajam.<\/p>","protected":false},"excerpt":{"rendered":"<p>\u201eSenales\u201c \u2013 tai bald\u0173 kolekcija su med\u017eio masyvo elementais. Ji moderni, nes buvo sukurta moderniai. Eleganti\u0161kas eksterjeras ir gerai apgalvotas interjeras. Diskreti\u0161ka balta spalva ir minimalistiniai anglies atspalviai. Nat\u016bralu, spindinti ir\u2026 malonu liesti. Nauja bald\u0173 kolekcija skirta svetainei ir valgomajam.<\/p>","protected":false},"featured_media":108218,"comment_status":"open","ping_status":"closed","template":"","meta":[],"product_brand":[],"product_cat":[9133],"product_tag":[],"class_list":{"0":"post-108208","1":"product","2":"type-product","3":"status-publish","4":"has-post-thumbnail","6":"product_cat-grouped","8":"first","9":"instock","10":"shipping-taxable","11":"product-type-variable","12":"wvs-archive-product-wrapper"},"_links":{"self":[{"href":"https:\/\/baldumarket.lt\/lt\/wp-json\/wp\/v2\/product\/108208","targetHints":{"allow":["GET"]}}],"collection":[{"href":"https:\/\/baldumarket.lt\/lt\/wp-json\/wp\/v2\/product"}],"about":[{"href":"https:\/\/baldumarket.lt\/lt\/wp-json\/wp\/v2\/types\/product"}],"replies":[{"embeddable":true,"href":"https:\/\/baldumarket.lt\/lt\/wp-json\/wp\/v2\/comments?post=108208"}],"wp:featuredmedia":[{"embeddable":true,"href":"https:\/\/baldumarket.lt\/lt\/wp-json\/wp\/v2\/media\/108218"}],"wp:attachment":[{"href":"https:\/\/baldumarket.lt\/lt\/wp-json\/wp\/v2\/media?parent=108208"}],"wp:term":[{"taxonomy":"product_brand","embeddable":true,"href":"https:\/\/baldumarket.lt\/lt\/wp-json\/wp\/v2\/product_brand?post=108208"},{"taxonomy":"product_cat","embeddable":true,"href":"https:\/\/baldumarket.lt\/lt\/wp-json\/wp\/v2\/product_cat?post=108208"},{"taxonomy":"product_tag","embeddable":true,"href":"https:\/\/baldumarket.lt\/lt\/wp-json\/wp\/v2\/product_tag?post=108208"}],"curies":[{"name":"wp","href":"https:\/\/api.w.org\/{rel}","templated":true}]}}