{"id":107985,"date":"2025-12-08T07:57:33","date_gmt":"2025-12-08T04:57:33","guid":{"rendered":"https:\/\/baldumarket.lt\/?post_type=product&#038;p=107985"},"modified":"2026-04-12T18:14:25","modified_gmt":"2026-04-12T15:14:25","slug":"senales-chest-of-drawers-02-standard-gr-l2","status":"publish","type":"product","link":"https:\/\/baldumarket.lt\/lt\/product\/senales-chest-of-drawers-02-standard-gr-l2\/","title":{"rendered":"Komoda Senales 02 Standartinis Gr-L2"},"content":{"rendered":"<p>Pasirinkti \u201eSenales\u201c kolekcijos bald\u0173 elementai pagaminti i\u0161 tvirtos \u0105\u017euolo medienos. \u012evairaus dyd\u017eio \u0105\u017euolo b\u016bdingos tiesios augimo riev\u0117s, kurios da\u017eniausiai yra netolygiai paskirstytos, sukuria nat\u016bral\u0173 bald\u0173 dekor\u0105. Kolekcijai taip pat b\u016bdinga specifin\u0117 \u0105\u017euolo medienos apdaila, nes mediena pirmiausia \u0161lifuojama, o po to va\u0161kuojama. \u0160is kruop\u0161tus ir kruop\u0161tus apdorojimas i\u0161saugo baldus laiko i\u0161bandymui ir tuo pa\u010diu metu padaro juos malonius liesti.<\/p>","protected":false},"excerpt":{"rendered":"<p>Pasirinkti \u201eSenales\u201c kolekcijos bald\u0173 elementai pagaminti i\u0161 tvirtos \u0105\u017euolo medienos. \u012evairaus dyd\u017eio \u0105\u017euolui b\u016bdingi ties\u016bs augimo riev\u0117s, kurios da\u017eniausiai pasiskirsto netolygiai, sukuria nat\u016bral\u0173 bald\u0173 dekor\u0105. Kolekcijai papildomai b\u016bdinga specifin\u0117 \u0105\u017euolo medienos apdaila, nes mediena pirmiausia \u0161lifuojama [\u2026]<\/p>","protected":false},"featured_media":107995,"comment_status":"open","ping_status":"closed","template":"","meta":[],"product_brand":[],"product_cat":[9133],"product_tag":[],"class_list":{"0":"post-107985","1":"product","2":"type-product","3":"status-publish","4":"has-post-thumbnail","6":"product_cat-grouped","8":"first","9":"instock","10":"shipping-taxable","11":"product-type-variable","12":"wvs-archive-product-wrapper"},"_links":{"self":[{"href":"https:\/\/baldumarket.lt\/lt\/wp-json\/wp\/v2\/product\/107985","targetHints":{"allow":["GET"]}}],"collection":[{"href":"https:\/\/baldumarket.lt\/lt\/wp-json\/wp\/v2\/product"}],"about":[{"href":"https:\/\/baldumarket.lt\/lt\/wp-json\/wp\/v2\/types\/product"}],"replies":[{"embeddable":true,"href":"https:\/\/baldumarket.lt\/lt\/wp-json\/wp\/v2\/comments?post=107985"}],"wp:featuredmedia":[{"embeddable":true,"href":"https:\/\/baldumarket.lt\/lt\/wp-json\/wp\/v2\/media\/107995"}],"wp:attachment":[{"href":"https:\/\/baldumarket.lt\/lt\/wp-json\/wp\/v2\/media?parent=107985"}],"wp:term":[{"taxonomy":"product_brand","embeddable":true,"href":"https:\/\/baldumarket.lt\/lt\/wp-json\/wp\/v2\/product_brand?post=107985"},{"taxonomy":"product_cat","embeddable":true,"href":"https:\/\/baldumarket.lt\/lt\/wp-json\/wp\/v2\/product_cat?post=107985"},{"taxonomy":"product_tag","embeddable":true,"href":"https:\/\/baldumarket.lt\/lt\/wp-json\/wp\/v2\/product_tag?post=107985"}],"curies":[{"name":"wp","href":"https:\/\/api.w.org\/{rel}","templated":true}]}}