{"id":107967,"date":"2025-12-08T07:55:51","date_gmt":"2025-12-08T04:55:51","guid":{"rendered":"https:\/\/baldumarket.lt\/?post_type=product&#038;p=107967"},"modified":"2026-04-12T18:14:25","modified_gmt":"2026-04-12T15:14:25","slug":"senales-chest-of-drawers-01-premium-gr-d","status":"publish","type":"product","link":"https:\/\/baldumarket.lt\/lt\/product\/senales-chest-of-drawers-01-premium-gr-d\/","title":{"rendered":"Komoda Senales 01 Premium Gr-D"},"content":{"rendered":"<p>Komoda 01, stovinti ant pasvirusi\u0173 \u0105\u017euolini\u0173 kojeli\u0173, turi dviej\u0173 tip\u0173 ap\u0161vietim\u0105. I\u0161orinis vir\u0161utin\u0117s plok\u0161t\u0117s ap\u0161vietimas sukuria \u0161ilt\u0105 ir jauki\u0105 atmosfer\u0105, o vidinis stiklini\u0173 lentyn\u0173 ap\u0161vietimas puikiai i\u0161ry\u0161kina komodoje esan\u010dius daiktus.<\/p>","protected":false},"excerpt":{"rendered":"<p>Komoda 01, stovinti ant pasvirusi\u0173 \u0105\u017euolini\u0173 kojeli\u0173, turi dviej\u0173 tip\u0173 ap\u0161vietim\u0105. I\u0161orinis vir\u0161utin\u0117s plok\u0161t\u0117s ap\u0161vietimas sukuria \u0161ilt\u0105 ir jauki\u0105 atmosfer\u0105, o vidinis stiklini\u0173 lentyn\u0173 ap\u0161vietimas puikiai i\u0161ry\u0161kina komodoje esan\u010dius daiktus.<\/p>","protected":false},"featured_media":107961,"comment_status":"open","ping_status":"closed","template":"","meta":[],"product_brand":[],"product_cat":[9133],"product_tag":[],"class_list":{"0":"post-107967","1":"product","2":"type-product","3":"status-publish","4":"has-post-thumbnail","6":"product_cat-grouped","8":"first","9":"instock","10":"shipping-taxable","11":"product-type-variable","12":"wvs-archive-product-wrapper"},"_links":{"self":[{"href":"https:\/\/baldumarket.lt\/lt\/wp-json\/wp\/v2\/product\/107967","targetHints":{"allow":["GET"]}}],"collection":[{"href":"https:\/\/baldumarket.lt\/lt\/wp-json\/wp\/v2\/product"}],"about":[{"href":"https:\/\/baldumarket.lt\/lt\/wp-json\/wp\/v2\/types\/product"}],"replies":[{"embeddable":true,"href":"https:\/\/baldumarket.lt\/lt\/wp-json\/wp\/v2\/comments?post=107967"}],"wp:featuredmedia":[{"embeddable":true,"href":"https:\/\/baldumarket.lt\/lt\/wp-json\/wp\/v2\/media\/107961"}],"wp:attachment":[{"href":"https:\/\/baldumarket.lt\/lt\/wp-json\/wp\/v2\/media?parent=107967"}],"wp:term":[{"taxonomy":"product_brand","embeddable":true,"href":"https:\/\/baldumarket.lt\/lt\/wp-json\/wp\/v2\/product_brand?post=107967"},{"taxonomy":"product_cat","embeddable":true,"href":"https:\/\/baldumarket.lt\/lt\/wp-json\/wp\/v2\/product_cat?post=107967"},{"taxonomy":"product_tag","embeddable":true,"href":"https:\/\/baldumarket.lt\/lt\/wp-json\/wp\/v2\/product_tag?post=107967"}],"curies":[{"name":"wp","href":"https:\/\/api.w.org\/{rel}","templated":true}]}}