{"id":107919,"date":"2025-12-08T07:51:31","date_gmt":"2025-12-08T04:51:31","guid":{"rendered":"https:\/\/baldumarket.lt\/?post_type=product&#038;p=107919"},"modified":"2026-04-29T12:00:18","modified_gmt":"2026-04-29T09:00:18","slug":"s-6653-l-standard-gr-l2","status":"publish","type":"product","link":"https:\/\/baldumarket.lt\/lt\/product\/s-6653-l-standard-gr-l2\/","title":{"rendered":"S-6653\/L Standartinis Gr-L2"},"content":{"rendered":"<p>Sofa 6653\/L \u2013 tai klasikin\u0117s formos sofa, pagaminta naudojant tradicin\u0119, rankin\u0119 buko medienos lenkimo technologij\u0105. Subtili, subtili forma tinka visoms tradicin\u0117ms lenktoms k\u0117d\u0117ms.<br \/>\n#bentwood #legacy #sofa <\/p>","protected":false},"excerpt":{"rendered":"<p>Sofa 6653\/L \u2013 tai klasikin\u0117s formos sofa, pagaminta naudojant tradicin\u0119, rankin\u0119 buko medienos lenkimo technologij\u0105. Subtili, subtili forma tinka visoms tradicin\u0117ms lenktoms k\u0117d\u0117ms. #bentwood #legacy #sofa<\/p>","protected":false},"featured_media":107927,"comment_status":"open","ping_status":"closed","template":"","meta":[],"product_brand":[],"product_cat":[9133],"product_tag":[],"class_list":{"0":"post-107919","1":"product","2":"type-product","3":"status-publish","4":"has-post-thumbnail","6":"product_cat-grouped","8":"first","9":"instock","10":"shipping-taxable","11":"purchasable","12":"product-type-variable","13":"wvs-archive-product-wrapper"},"_links":{"self":[{"href":"https:\/\/baldumarket.lt\/lt\/wp-json\/wp\/v2\/product\/107919","targetHints":{"allow":["GET"]}}],"collection":[{"href":"https:\/\/baldumarket.lt\/lt\/wp-json\/wp\/v2\/product"}],"about":[{"href":"https:\/\/baldumarket.lt\/lt\/wp-json\/wp\/v2\/types\/product"}],"replies":[{"embeddable":true,"href":"https:\/\/baldumarket.lt\/lt\/wp-json\/wp\/v2\/comments?post=107919"}],"wp:featuredmedia":[{"embeddable":true,"href":"https:\/\/baldumarket.lt\/lt\/wp-json\/wp\/v2\/media\/107927"}],"wp:attachment":[{"href":"https:\/\/baldumarket.lt\/lt\/wp-json\/wp\/v2\/media?parent=107919"}],"wp:term":[{"taxonomy":"product_brand","embeddable":true,"href":"https:\/\/baldumarket.lt\/lt\/wp-json\/wp\/v2\/product_brand?post=107919"},{"taxonomy":"product_cat","embeddable":true,"href":"https:\/\/baldumarket.lt\/lt\/wp-json\/wp\/v2\/product_cat?post=107919"},{"taxonomy":"product_tag","embeddable":true,"href":"https:\/\/baldumarket.lt\/lt\/wp-json\/wp\/v2\/product_tag?post=107919"}],"curies":[{"name":"wp","href":"https:\/\/api.w.org\/{rel}","templated":true}]}}