{"id":107888,"date":"2025-12-08T07:48:35","date_gmt":"2025-12-08T04:48:35","guid":{"rendered":"https:\/\/baldumarket.lt\/?post_type=product&#038;p=107888"},"modified":"2026-04-12T00:52:17","modified_gmt":"2026-04-11T21:52:17","slug":"s-6653-16-standard-gr-l2","status":"publish","type":"product","link":"https:\/\/baldumarket.lt\/lt\/product\/s-6653-16-standard-gr-l2\/","title":{"rendered":"S-6653\/16 Standartinis Gr-L2"},"content":{"rendered":"<p>Sofa 6653\/16 priklauso A-16 k\u0117d\u017ei\u0173 \u0161eimai. Pagaminta naudojant t\u0105 pa\u010di\u0105 tradicin\u0119, rankin\u0119 buko medienos lenkimo technologij\u0105, ji d\u017eiugina dekoratyviniais, \u0161irdies formos buko strypais ant atlo\u0161o.<br \/>\n#bentwood #legacy <\/p>","protected":false},"excerpt":{"rendered":"<p>Sofa 6653\/16 priklauso A-16 k\u0117d\u017ei\u0173 \u0161eimai. Pagaminta naudojant t\u0105 pa\u010di\u0105 tradicin\u0119, rankin\u0119 buko medienos lenkimo technologij\u0105, ji d\u017eiugina dekoratyviniais, \u0161irdies formos buko strypais ant atlo\u0161o. #bentwood #legacy<\/p>","protected":false},"featured_media":107898,"comment_status":"open","ping_status":"closed","template":"","meta":[],"product_brand":[],"product_cat":[9133],"product_tag":[],"class_list":{"0":"post-107888","1":"product","2":"type-product","3":"status-publish","4":"has-post-thumbnail","6":"product_cat-grouped","8":"first","9":"instock","10":"shipping-taxable","11":"product-type-variable","12":"wvs-archive-product-wrapper"},"_links":{"self":[{"href":"https:\/\/baldumarket.lt\/lt\/wp-json\/wp\/v2\/product\/107888","targetHints":{"allow":["GET"]}}],"collection":[{"href":"https:\/\/baldumarket.lt\/lt\/wp-json\/wp\/v2\/product"}],"about":[{"href":"https:\/\/baldumarket.lt\/lt\/wp-json\/wp\/v2\/types\/product"}],"replies":[{"embeddable":true,"href":"https:\/\/baldumarket.lt\/lt\/wp-json\/wp\/v2\/comments?post=107888"}],"wp:featuredmedia":[{"embeddable":true,"href":"https:\/\/baldumarket.lt\/lt\/wp-json\/wp\/v2\/media\/107898"}],"wp:attachment":[{"href":"https:\/\/baldumarket.lt\/lt\/wp-json\/wp\/v2\/media?parent=107888"}],"wp:term":[{"taxonomy":"product_brand","embeddable":true,"href":"https:\/\/baldumarket.lt\/lt\/wp-json\/wp\/v2\/product_brand?post=107888"},{"taxonomy":"product_cat","embeddable":true,"href":"https:\/\/baldumarket.lt\/lt\/wp-json\/wp\/v2\/product_cat?post=107888"},{"taxonomy":"product_tag","embeddable":true,"href":"https:\/\/baldumarket.lt\/lt\/wp-json\/wp\/v2\/product_tag?post=107888"}],"curies":[{"name":"wp","href":"https:\/\/api.w.org\/{rel}","templated":true}]}}