{"id":107810,"date":"2025-12-08T07:41:07","date_gmt":"2025-12-08T04:41:07","guid":{"rendered":"https:\/\/baldumarket.lt\/?post_type=product&#038;p=107810"},"modified":"2026-02-11T02:33:14","modified_gmt":"2026-02-10T23:33:14","slug":"ronda-stk-2316-1-premium-gr-d","status":"publish","type":"product","link":"https:\/\/baldumarket.lt\/lt\/product\/ronda-stk-2316-1-premium-gr-d\/","title":{"rendered":"Ronda STK-2316\/1 Premium Gr-D"},"content":{"rendered":"<p>Dizainas: Pawlak &amp; Stawarski<br \/>\n\u0160iuolaikiniai kavos staliukai, \u012fkv\u0117pti praeities kavini\u0173. I\u0161skirtinis, savitas staliuk\u0173 kra\u0161tas primena stiling\u0173 itali\u0161k\u0173 kavini\u0173 akmeninius stalvir\u0161ius. Supaprastintas, minimalistinis dizainas suteikia jiems modernumo. \u0160i konstrukcija taip pat leid\u017eia juos transportuoti plok\u0161\u010diai, taip suma\u017einant anglies p\u0117dsak\u0105 ir i\u0161laidas. D\u0117l auk\u0161\u010diausios kokyb\u0117s med\u017eiag\u0173 naudojimo ir klasikinio dizaino dvasios, staliukai atlaikys laiko i\u0161bandym\u0105.<\/p>","protected":false},"excerpt":{"rendered":"<p>Dizainas: Pawlak &amp; Stawarski \u0160iuolaikiniai kavos staliukai, \u012fkv\u0117pti praeities kavini\u0173. I\u0161skirtinis, savitas staliuk\u0173 kra\u0161tas primena stiling\u0173 itali\u0161k\u0173 kavini\u0173 akmeninius stalvir\u0161ius. Supaprastintas, minimalistinis dizainas suteikia jiems \u0161iuolaiki\u0161ko charakterio. \u0160i konstrukcija taip pat leid\u017eia juos transportuoti plok\u0161\u010diai, taip suma\u017einant anglies p\u0117dsak\u0105 ir i\u0161laidas. D\u0117l auk\u0161\u010diausios kokyb\u0117s [\u2026]<\/p>","protected":false},"featured_media":107806,"comment_status":"open","ping_status":"closed","template":"","meta":[],"product_brand":[],"product_cat":[9133],"product_tag":[],"class_list":{"0":"post-107810","1":"product","2":"type-product","3":"status-publish","4":"has-post-thumbnail","6":"product_cat-grouped","8":"first","9":"instock","10":"shipping-taxable","11":"product-type-variable","12":"wvs-archive-product-wrapper"},"_links":{"self":[{"href":"https:\/\/baldumarket.lt\/lt\/wp-json\/wp\/v2\/product\/107810","targetHints":{"allow":["GET"]}}],"collection":[{"href":"https:\/\/baldumarket.lt\/lt\/wp-json\/wp\/v2\/product"}],"about":[{"href":"https:\/\/baldumarket.lt\/lt\/wp-json\/wp\/v2\/types\/product"}],"replies":[{"embeddable":true,"href":"https:\/\/baldumarket.lt\/lt\/wp-json\/wp\/v2\/comments?post=107810"}],"wp:featuredmedia":[{"embeddable":true,"href":"https:\/\/baldumarket.lt\/lt\/wp-json\/wp\/v2\/media\/107806"}],"wp:attachment":[{"href":"https:\/\/baldumarket.lt\/lt\/wp-json\/wp\/v2\/media?parent=107810"}],"wp:term":[{"taxonomy":"product_brand","embeddable":true,"href":"https:\/\/baldumarket.lt\/lt\/wp-json\/wp\/v2\/product_brand?post=107810"},{"taxonomy":"product_cat","embeddable":true,"href":"https:\/\/baldumarket.lt\/lt\/wp-json\/wp\/v2\/product_cat?post=107810"},{"taxonomy":"product_tag","embeddable":true,"href":"https:\/\/baldumarket.lt\/lt\/wp-json\/wp\/v2\/product_tag?post=107810"}],"curies":[{"name":"wp","href":"https:\/\/api.w.org\/{rel}","templated":true}]}}