{"id":107490,"date":"2025-12-08T07:10:58","date_gmt":"2025-12-08T04:10:58","guid":{"rendered":"https:\/\/baldumarket.lt\/?post_type=product&#038;p=107490"},"modified":"2026-04-13T17:44:02","modified_gmt":"2026-04-13T14:44:02","slug":"puppy-a-9349-premium","status":"publish","type":"product","link":"https:\/\/baldumarket.lt\/lt\/product\/puppy-a-9349-premium\/","title":{"rendered":"\u0160uniukas A-9349 Premium"},"content":{"rendered":"<p>Dizainas: R&amp;D Fameg<br \/>\n\u201ePuppy\u201c \u2013 tai skandinavi\u0161ko dizaino \u012fkv\u0117pta k\u0117d\u0117. Pagaminta i\u0161 lietos faneros, ji \u017eavi savo organi\u0161ka forma ir frezomis po aptakia s\u0117dyne. \u201ePuppy\u201c k\u0117d\u0117s stipryb\u0117 slypi apgaulingame paprastume, \u012fk\u016bnytame gerai apgalvotame dizaine, i\u0161ry\u0161kinan\u010diame faneros savybes ir dekoratyvin\u012f patrauklum\u0105. K\u0117d\u0117 yra sudedama viena ant kitos.<\/p>","protected":false},"excerpt":{"rendered":"<p>Dizainas: \u201eR&amp;D Fameg Puppy\u201c \u2013 skandinavi\u0161ko dizaino \u012fkv\u0117pta k\u0117d\u0117. Pagaminta i\u0161 lietos faneros, ji \u017eavi savo organi\u0161ka forma ir frezomis po aptakia s\u0117dyne. \u201ePuppy\u201c k\u0117d\u0117s stipryb\u0117 slypi apgaulingame paprastume, \u012fk\u016bnytame gerai apgalvotame dizaine, i\u0161ry\u0161kinan\u010diame faneros savybes ir dekoratyvin\u012f patrauklum\u0105. K\u0117d\u0117 yra [\u2026]<\/p>","protected":false},"featured_media":107498,"comment_status":"open","ping_status":"closed","template":"","meta":[],"product_brand":[],"product_cat":[9133],"product_tag":[],"class_list":{"0":"post-107490","1":"product","2":"type-product","3":"status-publish","4":"has-post-thumbnail","6":"product_cat-grouped","8":"first","9":"instock","10":"shipping-taxable","11":"product-type-variable","12":"wvs-archive-product-wrapper"},"_links":{"self":[{"href":"https:\/\/baldumarket.lt\/lt\/wp-json\/wp\/v2\/product\/107490","targetHints":{"allow":["GET"]}}],"collection":[{"href":"https:\/\/baldumarket.lt\/lt\/wp-json\/wp\/v2\/product"}],"about":[{"href":"https:\/\/baldumarket.lt\/lt\/wp-json\/wp\/v2\/types\/product"}],"replies":[{"embeddable":true,"href":"https:\/\/baldumarket.lt\/lt\/wp-json\/wp\/v2\/comments?post=107490"}],"wp:featuredmedia":[{"embeddable":true,"href":"https:\/\/baldumarket.lt\/lt\/wp-json\/wp\/v2\/media\/107498"}],"wp:attachment":[{"href":"https:\/\/baldumarket.lt\/lt\/wp-json\/wp\/v2\/media?parent=107490"}],"wp:term":[{"taxonomy":"product_brand","embeddable":true,"href":"https:\/\/baldumarket.lt\/lt\/wp-json\/wp\/v2\/product_brand?post=107490"},{"taxonomy":"product_cat","embeddable":true,"href":"https:\/\/baldumarket.lt\/lt\/wp-json\/wp\/v2\/product_cat?post=107490"},{"taxonomy":"product_tag","embeddable":true,"href":"https:\/\/baldumarket.lt\/lt\/wp-json\/wp\/v2\/product_tag?post=107490"}],"curies":[{"name":"wp","href":"https:\/\/api.w.org\/{rel}","templated":true}]}}