{"id":107440,"date":"2025-12-08T07:06:01","date_gmt":"2025-12-08T04:06:01","guid":{"rendered":"https:\/\/baldumarket.lt\/?post_type=product&#038;p=107440"},"modified":"2026-02-11T02:32:50","modified_gmt":"2026-02-10T23:32:50","slug":"pop-b-1901-premium-gr-d","status":"publish","type":"product","link":"https:\/\/baldumarket.lt\/lt\/product\/pop-b-1901-premium-gr-d\/","title":{"rendered":"Pop B-1901 Premium Gr-D"},"content":{"rendered":"<p>Dizainas: Pawlak &amp; Stawarski<br \/>\n\u201ePop\u201c kolekcija primena populiariosios muzikos \u017eanr\u0105. Ji jauki, nesud\u0117tingos formos ir labai universali. Patog\u016bs, mink\u0161ti \u0161ios kolekcijos foteliai ir kr\u0117slai suteiks j\u016bs\u0173 interjerui \u0161ilumos ir neformalumo poj\u016bt\u012f. \u201ePop\u201c lengvai kei\u010dia charakter\u012f priklausomai nuo spalv\u0173 gamos. Priklausomai nuo pasirinkto audinio, didelis apmu\u0161alas pavers j\u012f kambario pagrindiniu elementu arba skland\u017eiai susilies su aplinka. \u201ePop\u201c kolekcija yra dviej\u0173 versij\u0173: su porankiais arba be j\u0173.<br \/>\n#fameg1881 #famegkolekcijos #dizainas<\/p>","protected":false},"excerpt":{"rendered":"<p>Dizainas: Pawlak &amp; Stawarski \u201ePop\u201c kolekcija primena populiar\u0173j\u012f muzikos \u017eanr\u0105. Ji jauki, nesud\u0117tingos formos ir labai universali. Patog\u016bs, mink\u0161ti \u0161ios kolekcijos foteliai ir kr\u0117slai suteiks j\u016bs\u0173 interjerui \u0161ilumos ir neformalumo poj\u016b\u010dio. \u201ePop\u201c lengvai kei\u010dia charakter\u012f priklausomai nuo spalv\u0173 gamos. Priklausomai nuo pasirinkto audinio, [\u2026]<\/p>","protected":false},"featured_media":107431,"comment_status":"open","ping_status":"closed","template":"","meta":[],"product_brand":[],"product_cat":[9133],"product_tag":[],"class_list":{"0":"post-107440","1":"product","2":"type-product","3":"status-publish","4":"has-post-thumbnail","6":"product_cat-grouped","8":"first","9":"instock","10":"shipping-taxable","11":"product-type-variable","12":"wvs-archive-product-wrapper"},"_links":{"self":[{"href":"https:\/\/baldumarket.lt\/lt\/wp-json\/wp\/v2\/product\/107440","targetHints":{"allow":["GET"]}}],"collection":[{"href":"https:\/\/baldumarket.lt\/lt\/wp-json\/wp\/v2\/product"}],"about":[{"href":"https:\/\/baldumarket.lt\/lt\/wp-json\/wp\/v2\/types\/product"}],"replies":[{"embeddable":true,"href":"https:\/\/baldumarket.lt\/lt\/wp-json\/wp\/v2\/comments?post=107440"}],"wp:featuredmedia":[{"embeddable":true,"href":"https:\/\/baldumarket.lt\/lt\/wp-json\/wp\/v2\/media\/107431"}],"wp:attachment":[{"href":"https:\/\/baldumarket.lt\/lt\/wp-json\/wp\/v2\/media?parent=107440"}],"wp:term":[{"taxonomy":"product_brand","embeddable":true,"href":"https:\/\/baldumarket.lt\/lt\/wp-json\/wp\/v2\/product_brand?post=107440"},{"taxonomy":"product_cat","embeddable":true,"href":"https:\/\/baldumarket.lt\/lt\/wp-json\/wp\/v2\/product_cat?post=107440"},{"taxonomy":"product_tag","embeddable":true,"href":"https:\/\/baldumarket.lt\/lt\/wp-json\/wp\/v2\/product_tag?post=107440"}],"curies":[{"name":"wp","href":"https:\/\/api.w.org\/{rel}","templated":true}]}}