{"id":107323,"date":"2025-12-08T06:55:53","date_gmt":"2025-12-08T03:55:53","guid":{"rendered":"https:\/\/baldumarket.lt\/?post_type=product&#038;p=107323"},"modified":"2026-04-12T00:52:17","modified_gmt":"2026-04-11T21:52:17","slug":"polar-bb-1806-standard-gr-l1","status":"publish","type":"product","link":"https:\/\/baldumarket.lt\/lt\/product\/polar-bb-1806-standard-gr-l1\/","title":{"rendered":"Polar BB-1806 Standartinis Gr-L1"},"content":{"rendered":"<p>Dizainas: MUKA dizaino laboratorija<br \/>\n\u201ePolar\u201c \u2013 eleganti\u0161ka sofa su \u0161iuolaiki\u0161ku charakteriu. Sukurta siekiant suteikti savininkui privatumo ir saugumo jausm\u0105, ji idealiai tinka erdvei padalinti atviro plano erdv\u0117se. \u201ePolar\u201c sofos konstrukcija pagaminta i\u0161 lietos faneros, patogaus putplas\u010dio ir auk\u0161tos kokyb\u0117s apmu\u0161al\u0173.<br \/>\n# sofa # dizainas<\/p>","protected":false},"excerpt":{"rendered":"<p>Dizainas: MUKA Design Lab \u201ePolar\u201c \u2013 eleganti\u0161ka sofa su \u0161iuolaiki\u0161ku charakteriu. Sukurta siekiant suteikti savininkui privatumo ir saugumo jausm\u0105, ji idealiai tinka erdvei padalinti atviro plano erdv\u0117se. \u201ePolar\u201c sofos konstrukcija pagaminta i\u0161 lietos faneros, patogaus putplas\u010dio ir auk\u0161tos kokyb\u0117s apmu\u0161al\u0173. # sofa #design<\/p>","protected":false},"featured_media":107334,"comment_status":"open","ping_status":"closed","template":"","meta":[],"product_brand":[],"product_cat":[9133],"product_tag":[],"class_list":{"0":"post-107323","1":"product","2":"type-product","3":"status-publish","4":"has-post-thumbnail","6":"product_cat-grouped","8":"first","9":"instock","10":"shipping-taxable","11":"product-type-variable","12":"wvs-archive-product-wrapper"},"_links":{"self":[{"href":"https:\/\/baldumarket.lt\/lt\/wp-json\/wp\/v2\/product\/107323","targetHints":{"allow":["GET"]}}],"collection":[{"href":"https:\/\/baldumarket.lt\/lt\/wp-json\/wp\/v2\/product"}],"about":[{"href":"https:\/\/baldumarket.lt\/lt\/wp-json\/wp\/v2\/types\/product"}],"replies":[{"embeddable":true,"href":"https:\/\/baldumarket.lt\/lt\/wp-json\/wp\/v2\/comments?post=107323"}],"wp:featuredmedia":[{"embeddable":true,"href":"https:\/\/baldumarket.lt\/lt\/wp-json\/wp\/v2\/media\/107334"}],"wp:attachment":[{"href":"https:\/\/baldumarket.lt\/lt\/wp-json\/wp\/v2\/media?parent=107323"}],"wp:term":[{"taxonomy":"product_brand","embeddable":true,"href":"https:\/\/baldumarket.lt\/lt\/wp-json\/wp\/v2\/product_brand?post=107323"},{"taxonomy":"product_cat","embeddable":true,"href":"https:\/\/baldumarket.lt\/lt\/wp-json\/wp\/v2\/product_cat?post=107323"},{"taxonomy":"product_tag","embeddable":true,"href":"https:\/\/baldumarket.lt\/lt\/wp-json\/wp\/v2\/product_tag?post=107323"}],"curies":[{"name":"wp","href":"https:\/\/api.w.org\/{rel}","templated":true}]}}