{"id":107255,"date":"2025-12-08T06:50:10","date_gmt":"2025-12-08T03:50:10","guid":{"rendered":"https:\/\/baldumarket.lt\/?post_type=product&#038;p=107255"},"modified":"2026-04-12T00:52:17","modified_gmt":"2026-04-11T21:52:17","slug":"pala-a-1907-standard-gr-d","status":"publish","type":"product","link":"https:\/\/baldumarket.lt\/lt\/product\/pala-a-1907-standard-gr-d\/","title":{"rendered":"Pala A-1907 Standartinis Gr-D"},"content":{"rendered":"<p>Dizainas: MUKA dizaino laboratorija<br \/>\n\u201ePala\u201c k\u0117d\u017ei\u0173 kolekcijai b\u016bdingas paprastas, eleganti\u0161kas ir nesenstantis dizainas. \u201ePala\u201c pasi\u017eymi patogia, gerai i\u0161lenkta s\u0117dyne ir atlo\u0161u, kurie \u0161velniai apgl\u0117bia naudotoj\u0105 ir u\u017etikrina auk\u0161t\u0105 komforto lyg\u012f. Tvirtos, ry\u0161kios galin\u0117s kojel\u0117s sukuria tvirt\u0105 konstrukcij\u0105, b\u016bding\u0105 \u0161e\u0161tojo ir septintojo de\u0161imtme\u010di\u0173 k\u0117d\u0117ms. \u201ePala\u201c k\u0117d\u0117s yra sudedamos viena ant kitos.<\/p>","protected":false},"excerpt":{"rendered":"<p>Dizainas: MUKA Design Lab \u201ePala\u201c k\u0117d\u017ei\u0173 kolekcijai b\u016bdingas paprastas, eleganti\u0161kas ir nesenstantis dizainas. \u201ePala\u201c pasi\u017eymi patogia, gerai i\u0161lenkta s\u0117dyne ir atlo\u0161u, kurie \u0161velniai apgl\u0117bia naudotoj\u0105 ir u\u017etikrina auk\u0161t\u0105 komforto lyg\u012f. Tvirtos, ry\u0161kios galin\u0117s kojel\u0117s sukuria tvirt\u0105 konstrukcij\u0105, b\u016bding\u0105 \u0161e\u0161tojo ir septintojo de\u0161imtme\u010di\u0173 k\u0117d\u0117ms. [\u2026]<\/p>","protected":false},"featured_media":107267,"comment_status":"open","ping_status":"closed","template":"","meta":[],"product_brand":[],"product_cat":[9133],"product_tag":[],"class_list":{"0":"post-107255","1":"product","2":"type-product","3":"status-publish","4":"has-post-thumbnail","6":"product_cat-grouped","8":"first","9":"instock","10":"shipping-taxable","11":"product-type-variable","12":"wvs-archive-product-wrapper"},"_links":{"self":[{"href":"https:\/\/baldumarket.lt\/lt\/wp-json\/wp\/v2\/product\/107255","targetHints":{"allow":["GET"]}}],"collection":[{"href":"https:\/\/baldumarket.lt\/lt\/wp-json\/wp\/v2\/product"}],"about":[{"href":"https:\/\/baldumarket.lt\/lt\/wp-json\/wp\/v2\/types\/product"}],"replies":[{"embeddable":true,"href":"https:\/\/baldumarket.lt\/lt\/wp-json\/wp\/v2\/comments?post=107255"}],"wp:featuredmedia":[{"embeddable":true,"href":"https:\/\/baldumarket.lt\/lt\/wp-json\/wp\/v2\/media\/107267"}],"wp:attachment":[{"href":"https:\/\/baldumarket.lt\/lt\/wp-json\/wp\/v2\/media?parent=107255"}],"wp:term":[{"taxonomy":"product_brand","embeddable":true,"href":"https:\/\/baldumarket.lt\/lt\/wp-json\/wp\/v2\/product_brand?post=107255"},{"taxonomy":"product_cat","embeddable":true,"href":"https:\/\/baldumarket.lt\/lt\/wp-json\/wp\/v2\/product_cat?post=107255"},{"taxonomy":"product_tag","embeddable":true,"href":"https:\/\/baldumarket.lt\/lt\/wp-json\/wp\/v2\/product_tag?post=107255"}],"curies":[{"name":"wp","href":"https:\/\/api.w.org\/{rel}","templated":true}]}}