{"id":107223,"date":"2025-12-08T06:46:53","date_gmt":"2025-12-08T03:46:53","guid":{"rendered":"https:\/\/baldumarket.lt\/?post_type=product&#038;p=107223"},"modified":"2026-04-12T00:52:17","modified_gmt":"2026-04-11T21:52:17","slug":"p-9956-standard-gr-c","status":"publish","type":"product","link":"https:\/\/baldumarket.lt\/lt\/product\/p-9956-standard-gr-c\/","title":{"rendered":"P-9956 Standartinis Gr-C"},"content":{"rendered":"<p>\u0160i kabykla pagaminta naudojant klasikin\u0119 ir unikali\u0105 buko medienos lenkimo technologij\u0105. Jos gamyboje derinami keli lenkimo metodai, tod\u0117l reikia naudoti ir formuoti ma\u017eiausius medienos gabal\u0117lius. \u0160i klasikin\u0117 kabykla puikiai papildys bet kok\u012f interjer\u0105.<\/p>\n<p>1TP5Baldai 1TP5Pakaba<\/p>","protected":false},"excerpt":{"rendered":"<p>\u0160i kabykla pagaminta naudojant klasikin\u0119 ir unikali\u0105 buko medienos lenkimo technologij\u0105. Jos gamyboje derinami keli lenkimo metodai, tod\u0117l reikia naudoti ir formuoti ma\u017eiausius medienos gabal\u0117lius. \u0160i klasikin\u0117 kabykla puikiai papildys bet kok\u012f interjer\u0105. #furniture 1TP5Hanger<\/p>","protected":false},"featured_media":107239,"comment_status":"open","ping_status":"closed","template":"","meta":[],"product_brand":[],"product_cat":[9133],"product_tag":[],"class_list":{"0":"post-107223","1":"product","2":"type-product","3":"status-publish","4":"has-post-thumbnail","6":"product_cat-grouped","8":"first","9":"instock","10":"shipping-taxable","11":"product-type-variable","12":"wvs-archive-product-wrapper"},"_links":{"self":[{"href":"https:\/\/baldumarket.lt\/lt\/wp-json\/wp\/v2\/product\/107223","targetHints":{"allow":["GET"]}}],"collection":[{"href":"https:\/\/baldumarket.lt\/lt\/wp-json\/wp\/v2\/product"}],"about":[{"href":"https:\/\/baldumarket.lt\/lt\/wp-json\/wp\/v2\/types\/product"}],"replies":[{"embeddable":true,"href":"https:\/\/baldumarket.lt\/lt\/wp-json\/wp\/v2\/comments?post=107223"}],"wp:featuredmedia":[{"embeddable":true,"href":"https:\/\/baldumarket.lt\/lt\/wp-json\/wp\/v2\/media\/107239"}],"wp:attachment":[{"href":"https:\/\/baldumarket.lt\/lt\/wp-json\/wp\/v2\/media?parent=107223"}],"wp:term":[{"taxonomy":"product_brand","embeddable":true,"href":"https:\/\/baldumarket.lt\/lt\/wp-json\/wp\/v2\/product_brand?post=107223"},{"taxonomy":"product_cat","embeddable":true,"href":"https:\/\/baldumarket.lt\/lt\/wp-json\/wp\/v2\/product_cat?post=107223"},{"taxonomy":"product_tag","embeddable":true,"href":"https:\/\/baldumarket.lt\/lt\/wp-json\/wp\/v2\/product_tag?post=107223"}],"curies":[{"name":"wp","href":"https:\/\/api.w.org\/{rel}","templated":true}]}}