{"id":107167,"date":"2025-12-08T06:41:30","date_gmt":"2025-12-08T03:41:30","guid":{"rendered":"https:\/\/baldumarket.lt\/?post_type=product&#038;p=107167"},"modified":"2026-04-12T00:52:17","modified_gmt":"2026-04-11T21:52:17","slug":"p-8-standard-gr-l2","status":"publish","type":"product","link":"https:\/\/baldumarket.lt\/lt\/product\/p-8-standard-gr-l2\/","title":{"rendered":"P-8 Standartinis Gr-L2"},"content":{"rendered":"<p>\u0160i kabykla pagaminta naudojant klasikin\u0119 ir unikali\u0105 buko medienos lenkimo technologij\u0105. Jos gamyboje derinami keli lenkimo metodai ir reikia naudoti bei formuoti ma\u017eiausius medienos gabal\u0117lius. Klasikin\u0117 kabykla yra gra\u017eus bet kokio interjero papildymas, o \u0161is modelis \u2013 dar labiau, nes papildo pus\u0119 jo. \u0160\u012f kabyklos model\u012f galima tvirtinti tiesiai prie sienos.<\/p>\n<p>1TP5Baldai 1TP5Pakaba<\/p>","protected":false},"excerpt":{"rendered":"<p>\u0160i kabykla pagaminta naudojant klasikin\u0119 ir unikali\u0105 buko medienos lenkimo technologij\u0105. Jos gamyboje derinami keli lenkimo metodai ir reikia naudoti bei formuoti ma\u017eiausius medienos gabal\u0117lius. Klasikin\u0117 kabykla yra gra\u017eus bet kokio interjero papildymas, o \u0161is modelis juo labiau tinka, nes papildo pus\u0119 [\u2026]<\/p>","protected":false},"featured_media":107175,"comment_status":"open","ping_status":"closed","template":"","meta":[],"product_brand":[],"product_cat":[9133],"product_tag":[],"class_list":{"0":"post-107167","1":"product","2":"type-product","3":"status-publish","4":"has-post-thumbnail","6":"product_cat-grouped","8":"first","9":"instock","10":"shipping-taxable","11":"product-type-variable","12":"wvs-archive-product-wrapper"},"_links":{"self":[{"href":"https:\/\/baldumarket.lt\/lt\/wp-json\/wp\/v2\/product\/107167","targetHints":{"allow":["GET"]}}],"collection":[{"href":"https:\/\/baldumarket.lt\/lt\/wp-json\/wp\/v2\/product"}],"about":[{"href":"https:\/\/baldumarket.lt\/lt\/wp-json\/wp\/v2\/types\/product"}],"replies":[{"embeddable":true,"href":"https:\/\/baldumarket.lt\/lt\/wp-json\/wp\/v2\/comments?post=107167"}],"wp:featuredmedia":[{"embeddable":true,"href":"https:\/\/baldumarket.lt\/lt\/wp-json\/wp\/v2\/media\/107175"}],"wp:attachment":[{"href":"https:\/\/baldumarket.lt\/lt\/wp-json\/wp\/v2\/media?parent=107167"}],"wp:term":[{"taxonomy":"product_brand","embeddable":true,"href":"https:\/\/baldumarket.lt\/lt\/wp-json\/wp\/v2\/product_brand?post=107167"},{"taxonomy":"product_cat","embeddable":true,"href":"https:\/\/baldumarket.lt\/lt\/wp-json\/wp\/v2\/product_cat?post=107167"},{"taxonomy":"product_tag","embeddable":true,"href":"https:\/\/baldumarket.lt\/lt\/wp-json\/wp\/v2\/product_tag?post=107167"}],"curies":[{"name":"wp","href":"https:\/\/api.w.org\/{rel}","templated":true}]}}