{"id":107063,"date":"2025-12-08T06:32:26","date_gmt":"2025-12-08T03:32:26","guid":{"rendered":"https:\/\/baldumarket.lt\/?post_type=product&#038;p=107063"},"modified":"2026-04-12T00:52:17","modified_gmt":"2026-04-11T21:52:17","slug":"p-0428-standard-gr-b","status":"publish","type":"product","link":"https:\/\/baldumarket.lt\/lt\/product\/p-0428-standard-gr-b\/","title":{"rendered":"P-0428 Standartinis Gr-B"},"content":{"rendered":"<p>Dizainas: Charaziak Design<br \/>\n\u0160i palt\u0173 kabykla pagaminta naudojant klasikin\u0119 ir unikali\u0105 buko medienos lenkimo technologij\u0105. Palt\u0173 kabyklos gamyboje derinami keli lenkimo metodai, tod\u0117l reikia naudoti ir formuoti ma\u017eiausius medienos gabal\u0117lius. \u0160i klasikin\u0117 palt\u0173 kabykla puikiai papildys bet kok\u012f interjer\u0105.<\/p>\n<p>1TP5Baldai 1TP5Pakaba<\/p>","protected":false},"excerpt":{"rendered":"<p>Dizainas: \u201eCharaziak Design\u201c. \u0160i kabykla pagaminta naudojant klasikin\u0119 ir unikali\u0105 buko medienos lenkimo technologij\u0105. Gaminant kabykl\u0105 derinami keli lenkimo metodai, tod\u0117l reikia naudoti ir formuoti ma\u017eiausius medienos gabal\u0117lius. \u0160i klasikin\u0117 kabykla puikiai papildys bet kok\u012f interjer\u0105. #furniture 1TP5Hanger<\/p>","protected":false},"featured_media":107081,"comment_status":"open","ping_status":"closed","template":"","meta":[],"product_brand":[],"product_cat":[9133],"product_tag":[],"class_list":{"0":"post-107063","1":"product","2":"type-product","3":"status-publish","4":"has-post-thumbnail","6":"product_cat-grouped","8":"first","9":"instock","10":"shipping-taxable","11":"product-type-variable","12":"wvs-archive-product-wrapper"},"_links":{"self":[{"href":"https:\/\/baldumarket.lt\/lt\/wp-json\/wp\/v2\/product\/107063","targetHints":{"allow":["GET"]}}],"collection":[{"href":"https:\/\/baldumarket.lt\/lt\/wp-json\/wp\/v2\/product"}],"about":[{"href":"https:\/\/baldumarket.lt\/lt\/wp-json\/wp\/v2\/types\/product"}],"replies":[{"embeddable":true,"href":"https:\/\/baldumarket.lt\/lt\/wp-json\/wp\/v2\/comments?post=107063"}],"wp:featuredmedia":[{"embeddable":true,"href":"https:\/\/baldumarket.lt\/lt\/wp-json\/wp\/v2\/media\/107081"}],"wp:attachment":[{"href":"https:\/\/baldumarket.lt\/lt\/wp-json\/wp\/v2\/media?parent=107063"}],"wp:term":[{"taxonomy":"product_brand","embeddable":true,"href":"https:\/\/baldumarket.lt\/lt\/wp-json\/wp\/v2\/product_brand?post=107063"},{"taxonomy":"product_cat","embeddable":true,"href":"https:\/\/baldumarket.lt\/lt\/wp-json\/wp\/v2\/product_cat?post=107063"},{"taxonomy":"product_tag","embeddable":true,"href":"https:\/\/baldumarket.lt\/lt\/wp-json\/wp\/v2\/product_tag?post=107063"}],"curies":[{"name":"wp","href":"https:\/\/api.w.org\/{rel}","templated":true}]}}