{"id":107055,"date":"2025-12-08T06:31:15","date_gmt":"2025-12-08T03:31:15","guid":{"rendered":"https:\/\/baldumarket.lt\/?post_type=product&#038;p=107055"},"modified":"2026-02-11T02:42:42","modified_gmt":"2026-02-10T23:42:42","slug":"okleina-naturalna-dab-premium-gr-l1","status":"publish","type":"product","link":"https:\/\/baldumarket.lt\/lt\/product\/okleina-naturalna-dab-premium-gr-l1\/","title":{"rendered":"Nat\u016bralaus \u0105\u017euolo fanera Premium Gr-L1"},"content":{"rendered":"<p>Nat\u016bralaus \u0105\u017euolo faneros stalvir\u0161iai<br \/>\nGalimi storiai: 19 mm +\/- 1 mm, 35 mm +\/- 1 mm<\/p>","protected":false},"excerpt":{"rendered":"<p>Nat\u016bralaus \u0105\u017euolo faneruot\u0117s stalvir\u0161iai. Galimi storiai: 19 mm +\/- 1 mm, 35 mm +\/- 1 mm.<\/p>","protected":false},"featured_media":107048,"comment_status":"open","ping_status":"closed","template":"","meta":[],"product_brand":[],"product_cat":[9133],"product_tag":[],"class_list":{"0":"post-107055","1":"product","2":"type-product","3":"status-publish","4":"has-post-thumbnail","6":"product_cat-grouped","8":"first","9":"instock","10":"shipping-taxable","11":"product-type-variable","12":"wvs-archive-product-wrapper"},"_links":{"self":[{"href":"https:\/\/baldumarket.lt\/lt\/wp-json\/wp\/v2\/product\/107055","targetHints":{"allow":["GET"]}}],"collection":[{"href":"https:\/\/baldumarket.lt\/lt\/wp-json\/wp\/v2\/product"}],"about":[{"href":"https:\/\/baldumarket.lt\/lt\/wp-json\/wp\/v2\/types\/product"}],"replies":[{"embeddable":true,"href":"https:\/\/baldumarket.lt\/lt\/wp-json\/wp\/v2\/comments?post=107055"}],"wp:featuredmedia":[{"embeddable":true,"href":"https:\/\/baldumarket.lt\/lt\/wp-json\/wp\/v2\/media\/107048"}],"wp:attachment":[{"href":"https:\/\/baldumarket.lt\/lt\/wp-json\/wp\/v2\/media?parent=107055"}],"wp:term":[{"taxonomy":"product_brand","embeddable":true,"href":"https:\/\/baldumarket.lt\/lt\/wp-json\/wp\/v2\/product_brand?post=107055"},{"taxonomy":"product_cat","embeddable":true,"href":"https:\/\/baldumarket.lt\/lt\/wp-json\/wp\/v2\/product_cat?post=107055"},{"taxonomy":"product_tag","embeddable":true,"href":"https:\/\/baldumarket.lt\/lt\/wp-json\/wp\/v2\/product_tag?post=107055"}],"curies":[{"name":"wp","href":"https:\/\/api.w.org\/{rel}","templated":true}]}}