{"id":107022,"date":"2025-12-08T06:28:10","date_gmt":"2025-12-08T03:28:10","guid":{"rendered":"https:\/\/baldumarket.lt\/?post_type=product&#038;p=107022"},"modified":"2026-04-12T19:48:07","modified_gmt":"2026-04-12T16:48:07","slug":"okleina-naturalna-buk-premium-gr-d","status":"publish","type":"product","link":"https:\/\/baldumarket.lt\/lt\/product\/okleina-naturalna-buk-premium-gr-d\/","title":{"rendered":"Nat\u016bralaus buko fanera Premium Gr-D"},"content":{"rendered":"<p>Nat\u016bralaus buko faneros stalvir\u0161iai<br \/>\nGalimi storiai: 19 mm +\/- 1 mm, 35 mm +\/- 1 mm<\/p>","protected":false},"excerpt":{"rendered":"<p>Nat\u016bralaus buko faneros stalvir\u0161iai. Galimi storiai: 19 mm +\/- 1 mm, 35 mm +\/- 1 mm.<\/p>","protected":false},"featured_media":107017,"comment_status":"open","ping_status":"closed","template":"","meta":[],"product_brand":[],"product_cat":[9133],"product_tag":[],"class_list":{"0":"post-107022","1":"product","2":"type-product","3":"status-publish","4":"has-post-thumbnail","6":"product_cat-grouped","8":"first","9":"instock","10":"shipping-taxable","11":"product-type-variable","12":"wvs-archive-product-wrapper"},"_links":{"self":[{"href":"https:\/\/baldumarket.lt\/lt\/wp-json\/wp\/v2\/product\/107022","targetHints":{"allow":["GET"]}}],"collection":[{"href":"https:\/\/baldumarket.lt\/lt\/wp-json\/wp\/v2\/product"}],"about":[{"href":"https:\/\/baldumarket.lt\/lt\/wp-json\/wp\/v2\/types\/product"}],"replies":[{"embeddable":true,"href":"https:\/\/baldumarket.lt\/lt\/wp-json\/wp\/v2\/comments?post=107022"}],"wp:featuredmedia":[{"embeddable":true,"href":"https:\/\/baldumarket.lt\/lt\/wp-json\/wp\/v2\/media\/107017"}],"wp:attachment":[{"href":"https:\/\/baldumarket.lt\/lt\/wp-json\/wp\/v2\/media?parent=107022"}],"wp:term":[{"taxonomy":"product_brand","embeddable":true,"href":"https:\/\/baldumarket.lt\/lt\/wp-json\/wp\/v2\/product_brand?post=107022"},{"taxonomy":"product_cat","embeddable":true,"href":"https:\/\/baldumarket.lt\/lt\/wp-json\/wp\/v2\/product_cat?post=107022"},{"taxonomy":"product_tag","embeddable":true,"href":"https:\/\/baldumarket.lt\/lt\/wp-json\/wp\/v2\/product_tag?post=107022"}],"curies":[{"name":"wp","href":"https:\/\/api.w.org\/{rel}","templated":true}]}}