{"id":106737,"date":"2025-12-08T06:02:18","date_gmt":"2025-12-08T03:02:18","guid":{"rendered":"https:\/\/baldumarket.lt\/?post_type=product&#038;p=106737"},"modified":"2026-04-12T00:58:30","modified_gmt":"2026-04-11T21:58:30","slug":"nord-a-2320-standard","status":"publish","type":"product","link":"https:\/\/baldumarket.lt\/lt\/product\/nord-a-2320-standard\/","title":{"rendered":"Nord A-2320 Standartinis"},"content":{"rendered":"<p>Dizainas: Pawlak &amp; Stawarski<br \/>\nNORD bald\u0173 kolekcijoje gausu lengv\u0173, a\u017e\u016brini\u0173 bald\u0173, \u012fkv\u0117pt\u0173 XX a. skandinavi\u0161k\u0173 bald\u0173. Baldai pagaminti i\u0161 paprast\u0173 element\u0173, o plat\u016bs fotelio ir k\u0117d\u0117s atlo\u0161ai lengvai pakabinti ant konstrukcini\u0173 element\u0173. Jie pasi\u017eymi supaprastinta, i\u0161rai\u0161kinga forma ir pla\u010diu panaudojimo spektru. K\u0117d\u017ei\u0173 dizainas leid\u017eia jas sud\u0117ti vien\u0105 ant kitos.<\/p>","protected":false},"excerpt":{"rendered":"<p>Dizainas: Pawlak &amp; Stawarski. NORD bald\u0173 kolekcijoje \u2013 lengvi, a\u017e\u016briniai baldai, \u012fkv\u0117pti XX a. skandinavi\u0161k\u0173 bald\u0173. Baldai pagaminti i\u0161 paprast\u0173 element\u0173, o plat\u016bs fotelio ir k\u0117d\u0117s atlo\u0161ai lengvai pakabinti ant konstrukcini\u0173 element\u0173. Jie pasi\u017eymi supaprastinta, i\u0161rai\u0161kinga forma ir pla\u010diu panaudojimo spektru. K\u0117d\u0117s dizainas leid\u017eia [\u2026]<\/p>","protected":false},"featured_media":106757,"comment_status":"open","ping_status":"closed","template":"","meta":[],"product_brand":[],"product_cat":[9133],"product_tag":[],"class_list":{"0":"post-106737","1":"product","2":"type-product","3":"status-publish","4":"has-post-thumbnail","6":"product_cat-grouped","8":"first","9":"instock","10":"shipping-taxable","11":"product-type-variable","12":"wvs-archive-product-wrapper"},"_links":{"self":[{"href":"https:\/\/baldumarket.lt\/lt\/wp-json\/wp\/v2\/product\/106737","targetHints":{"allow":["GET"]}}],"collection":[{"href":"https:\/\/baldumarket.lt\/lt\/wp-json\/wp\/v2\/product"}],"about":[{"href":"https:\/\/baldumarket.lt\/lt\/wp-json\/wp\/v2\/types\/product"}],"replies":[{"embeddable":true,"href":"https:\/\/baldumarket.lt\/lt\/wp-json\/wp\/v2\/comments?post=106737"}],"wp:featuredmedia":[{"embeddable":true,"href":"https:\/\/baldumarket.lt\/lt\/wp-json\/wp\/v2\/media\/106757"}],"wp:attachment":[{"href":"https:\/\/baldumarket.lt\/lt\/wp-json\/wp\/v2\/media?parent=106737"}],"wp:term":[{"taxonomy":"product_brand","embeddable":true,"href":"https:\/\/baldumarket.lt\/lt\/wp-json\/wp\/v2\/product_brand?post=106737"},{"taxonomy":"product_cat","embeddable":true,"href":"https:\/\/baldumarket.lt\/lt\/wp-json\/wp\/v2\/product_cat?post=106737"},{"taxonomy":"product_tag","embeddable":true,"href":"https:\/\/baldumarket.lt\/lt\/wp-json\/wp\/v2\/product_tag?post=106737"}],"curies":[{"name":"wp","href":"https:\/\/api.w.org\/{rel}","templated":true}]}}