{"id":106719,"date":"2025-12-08T06:01:06","date_gmt":"2025-12-08T03:01:06","guid":{"rendered":"https:\/\/baldumarket.lt\/?post_type=product&#038;p=106719"},"modified":"2026-02-11T01:59:19","modified_gmt":"2026-02-10T22:59:19","slug":"nopp-bst-1803-premium-gr-a","status":"publish","type":"product","link":"https:\/\/baldumarket.lt\/lt\/product\/nopp-bst-1803-premium-gr-a\/","title":{"rendered":"Nopp BST-1803 Premium Gr-A"},"content":{"rendered":"<p>Dizainas: BUCK.STUDIO<br \/>\n\u201eNopp\u201c \u2013 tai universali\u0173 k\u0117d\u017ei\u0173 serija, pasi\u017eyminti lengvu, paprastu, eleganti\u0161ku dizainu ir kompakti\u0161ku dyd\u017eiu. Kolekcijoje yra spalv\u0173 pasirinkimo galimyb\u0117s \u2013 r\u0117mas, atlo\u0161as ir s\u0117dyn\u0117 gali b\u016bti skirting\u0173 spalv\u0173. Tai leid\u017eia lengvai pritaikyti kolekcij\u0105 prie interjero, turin\u010dio \u012fvairi\u0173 funkcini\u0173 ir estetini\u0173 savybi\u0173. \u201eNopp\u201c kolekcija i\u0161siskiria i\u0161skirtine detale: ma\u017eu kamuoliuku ant galin\u0117s kojos. Kamuolys yra visos serijos simbolis, taip pat naudojamas kaip pakaba krep\u0161iui, striukei ar asmeninei lentelei su vardu. \u201eNopp\u201c kolekcij\u0105 sudaro k\u0117d\u0117, k\u0117d\u0117 su porankiais, fotelis ir dviej\u0173 auk\u0161\u010di\u0173 taburet\u0117.<\/p>","protected":false},"excerpt":{"rendered":"<p>Dizainas: BUCK.STUDIO \u201eNopp\u201c \u2013 tai universali\u0173 k\u0117d\u017ei\u0173 serija, pasi\u017eyminti lengvu, paprastu, eleganti\u0161ku dizainu ir kompakti\u0161ku dyd\u017eiu. Kolekcijoje yra spalv\u0173 pritaikymo galimyb\u0117s \u2013 r\u0117mas, atlo\u0161as ir s\u0117dyn\u0117 gali b\u016bti skirting\u0173 spalv\u0173. Tai leid\u017eia lengvai pritaikyti kolekcij\u0105 prie \u012fvairi\u0173 funkcini\u0173 ir estetini\u0173 savybi\u0173 turin\u010di\u0173 interjer\u0173. [\u2026]<\/p>","protected":false},"featured_media":106723,"comment_status":"open","ping_status":"closed","template":"","meta":[],"product_brand":[],"product_cat":[9133],"product_tag":[],"class_list":{"0":"post-106719","1":"product","2":"type-product","3":"status-publish","4":"has-post-thumbnail","6":"product_cat-grouped","8":"first","9":"instock","10":"shipping-taxable","11":"product-type-variable","12":"wvs-archive-product-wrapper"},"_links":{"self":[{"href":"https:\/\/baldumarket.lt\/lt\/wp-json\/wp\/v2\/product\/106719","targetHints":{"allow":["GET"]}}],"collection":[{"href":"https:\/\/baldumarket.lt\/lt\/wp-json\/wp\/v2\/product"}],"about":[{"href":"https:\/\/baldumarket.lt\/lt\/wp-json\/wp\/v2\/types\/product"}],"replies":[{"embeddable":true,"href":"https:\/\/baldumarket.lt\/lt\/wp-json\/wp\/v2\/comments?post=106719"}],"wp:featuredmedia":[{"embeddable":true,"href":"https:\/\/baldumarket.lt\/lt\/wp-json\/wp\/v2\/media\/106723"}],"wp:attachment":[{"href":"https:\/\/baldumarket.lt\/lt\/wp-json\/wp\/v2\/media?parent=106719"}],"wp:term":[{"taxonomy":"product_brand","embeddable":true,"href":"https:\/\/baldumarket.lt\/lt\/wp-json\/wp\/v2\/product_brand?post=106719"},{"taxonomy":"product_cat","embeddable":true,"href":"https:\/\/baldumarket.lt\/lt\/wp-json\/wp\/v2\/product_cat?post=106719"},{"taxonomy":"product_tag","embeddable":true,"href":"https:\/\/baldumarket.lt\/lt\/wp-json\/wp\/v2\/product_tag?post=106719"}],"curies":[{"name":"wp","href":"https:\/\/api.w.org\/{rel}","templated":true}]}}