{"id":106531,"date":"2025-12-08T05:43:54","date_gmt":"2025-12-08T02:43:54","guid":{"rendered":"https:\/\/baldumarket.lt\/?post_type=product&#038;p=106531"},"modified":"2026-02-11T02:42:10","modified_gmt":"2026-02-10T23:42:10","slug":"nino-mdt-1710-premium-gr-l1","status":"publish","type":"product","link":"https:\/\/baldumarket.lt\/lt\/product\/nino-mdt-1710-premium-gr-l1\/","title":{"rendered":"Nino MDT-1710 Premium Gr-L1"},"content":{"rendered":"<p>Dizainas: MOWO studija<br \/>\n\u201eNino\u201c kolekcij\u0105 sudaro vaiki\u0161ka k\u0117dut\u0117, staliukas, \u017eaisl\u0173 d\u0117\u017e\u0117, vaiki\u0161ka k\u0117dut\u0117 vyresniems vaikams ir tvorel\u0117, leid\u017eianti atskirti vaik\u0173 \u017eaidim\u0173 zon\u0105. \u201eNino\u201c d\u0117ka galite sukurti esteti\u0161k\u0105 erdv\u0119, palanki\u0105 vaiko vystymuisi, remian\u010di\u0105 jo k\u016brybi\u0161kum\u0105 ir savirai\u0161k\u0105.<br \/>\nMedin\u0117 \u201eNino\u201c k\u0117d\u0117 puikiai tinka vaiko dyd\u017eiui. Ji buvo sukurta galvojant apie ikimokyklinio am\u017eiaus vaikus. B\u016bdingas faneros atlo\u0161as su nedideliu a\u017e\u016bru suteikia komforto ir saugumo poj\u016bt\u012f. Pla\u010diai i\u0161skleistos k\u0117d\u0117s kojos yra stabilios ir patvarios net ir \u017eaid\u017eiant dinami\u0161kiau.<br \/>\nStalo pavir\u0161i\u0173 galima papildomai apsaugoti apsaugine danga \u201eForbo Furniture Linoleum\u201c. Linoleumas yra nat\u016brali ir higieni\u0161ka auk\u0161\u010diausios kokyb\u0117s med\u017eiaga, gauta laikantis tvaraus vystymosi princip\u0173. Jis pasi\u017eymi matiniu, maloniu liesti pavir\u0161iumi, atspariu ne\u0161varumams ir pir\u0161t\u0173 atspaudams.<br \/>\nJ\u016bs\u0173 m\u0117gstamiausios knygos, kalad\u0117l\u0117s ar d\u0117lion\u0117s ras viet\u0105 prakti\u0161koje \u017eaisl\u0173 d\u0117\u017e\u0117je, \u0161is naudingas baldas savo skyriuose talpins daug \u017eaisl\u0173 ir pad\u0117s palaikyti tvark\u0105.<br \/>\n\u201eNino\u201c baldai gaminami kruop\u0161\u010diai, i\u0161 nat\u016brali\u0173, vaikui ir aplinkai draugi\u0161k\u0173 med\u017eiag\u0173. \u201eNino\u201c patiks tiek vaikams, tiek t\u0117vams. Tai puiki kolekcija namams ir komercin\u0117ms erdv\u0117ms.<br \/>\n#vaik\u0173 baldai #nino #vaikams<\/p>","protected":false},"excerpt":{"rendered":"<p>Dizainas: MOWO Studio \u201eNino\u201c kolekcija \u2013 tai vaiki\u0161ka k\u0117dut\u0117, staliukas, \u017eaisl\u0173 konteineris, vaiki\u0161ka k\u0117dut\u0117 vyresniems vaikams ir tvorel\u0117, leid\u017eianti atskirti vaik\u0173 \u017eaidim\u0173 zon\u0105. \u201eNino\u201c d\u0117ka galite sukurti esteti\u0161k\u0105 erdv\u0119, palanki\u0105 vaiko raidai, remian\u010di\u0105 jo k\u016brybi\u0161kum\u0105 ir savirai\u0161k\u0105. \u201eNino\u201c medin\u0117 k\u0117dut\u0117 puikiai [\u2026]<\/p>","protected":false},"featured_media":106526,"comment_status":"open","ping_status":"closed","template":"","meta":[],"product_brand":[],"product_cat":[9133],"product_tag":[],"class_list":{"0":"post-106531","1":"product","2":"type-product","3":"status-publish","4":"has-post-thumbnail","6":"product_cat-grouped","8":"first","9":"instock","10":"shipping-taxable","11":"product-type-variable","12":"wvs-archive-product-wrapper"},"_links":{"self":[{"href":"https:\/\/baldumarket.lt\/lt\/wp-json\/wp\/v2\/product\/106531","targetHints":{"allow":["GET"]}}],"collection":[{"href":"https:\/\/baldumarket.lt\/lt\/wp-json\/wp\/v2\/product"}],"about":[{"href":"https:\/\/baldumarket.lt\/lt\/wp-json\/wp\/v2\/types\/product"}],"replies":[{"embeddable":true,"href":"https:\/\/baldumarket.lt\/lt\/wp-json\/wp\/v2\/comments?post=106531"}],"wp:featuredmedia":[{"embeddable":true,"href":"https:\/\/baldumarket.lt\/lt\/wp-json\/wp\/v2\/media\/106526"}],"wp:attachment":[{"href":"https:\/\/baldumarket.lt\/lt\/wp-json\/wp\/v2\/media?parent=106531"}],"wp:term":[{"taxonomy":"product_brand","embeddable":true,"href":"https:\/\/baldumarket.lt\/lt\/wp-json\/wp\/v2\/product_brand?post=106531"},{"taxonomy":"product_cat","embeddable":true,"href":"https:\/\/baldumarket.lt\/lt\/wp-json\/wp\/v2\/product_cat?post=106531"},{"taxonomy":"product_tag","embeddable":true,"href":"https:\/\/baldumarket.lt\/lt\/wp-json\/wp\/v2\/product_tag?post=106531"}],"curies":[{"name":"wp","href":"https:\/\/api.w.org\/{rel}","templated":true}]}}