{"id":106470,"date":"2025-12-08T05:38:38","date_gmt":"2025-12-08T02:38:38","guid":{"rendered":"https:\/\/baldumarket.lt\/?post_type=product&#038;p=106470"},"modified":"2026-04-12T19:51:06","modified_gmt":"2026-04-12T16:51:06","slug":"nino-mdk-1710-standard","status":"publish","type":"product","link":"https:\/\/baldumarket.lt\/lt\/product\/nino-mdk-1710-standard\/","title":{"rendered":"Nino MDK-1710 Standartinis"},"content":{"rendered":"<p>Dizainas: MOWO studija<br \/>\n\u201eNino\u201c kolekcij\u0105 sudaro k\u0117d\u0117, stalas, \u017eaisl\u0173 laikymo spintel\u0117, vaiki\u0161ka k\u0117dut\u0117 vyresniems vaikams ir tvorel\u0117, skirianti vaik\u0173 \u017eaidim\u0173 aik\u0161tel\u0119. Su \u201eNino\u201c galite sukurti esteti\u0161kai patraukli\u0105 erdv\u0119, kuri skatint\u0173 vaiko vystym\u0105si, skatint\u0173 k\u016brybi\u0161kum\u0105 ir savirai\u0161k\u0105.<br \/>\nMedin\u0117 \u201eNino\u201c k\u0117d\u0117 yra tobulo dyd\u017eio vaikui. Ji buvo sukurta galvojant apie ikimokyklinio am\u017eiaus vaikus. I\u0161skirtinis apvalus faneros atlo\u0161as su ma\u017ea perforacija suteikia komforto ir saugumo poj\u016bt\u012f. Pla\u010diai i\u0161d\u0117stytos k\u0117d\u0117s kojel\u0117s yra stabilios ir patvarios net ir dinami\u0161kesnio \u017eaidimo metu.<br \/>\nStalo pavir\u0161i\u0173 galima papildomai apsaugoti \u201eForbo Furniture Linoleum\u201c apsaugine danga. Linoleumas yra nat\u016brali ir higieni\u0161ka auk\u0161\u010diausios kokyb\u0117s med\u017eiaga, gauta laikantis tvaraus vystymosi princip\u0173. Jis turi matin\u012f, malon\u0173 liesti pavir\u0161i\u0173, atspar\u0173 d\u0117m\u0117ms ir pir\u0161t\u0173 atspaudams.<br \/>\nM\u0117gstamiausios knygos, kalad\u0117l\u0117s ar d\u0117lion\u0117s ras savo viet\u0105 prakti\u0161koje \u017eaisl\u0173 d\u0117\u017e\u0117je; \u0161is naudingas baldas talpins \u012fvairius \u017eaislus ir palengvins tvarkos palaikym\u0105. \u201eNino\u201c baldai pagaminti kruop\u0161\u010diai, i\u0161 nat\u016brali\u0173, vaikams ir aplinkai nekenksming\u0173 med\u017eiag\u0173. \u201eNino\u201c patiks tiek vaikams, tiek t\u0117vams. Tai puiki kolekcija namams ir komercin\u0117ms erdv\u0117ms.<br \/>\n1TP5Vaik\u0173 baldai #nino #vaikams<\/p>","protected":false},"excerpt":{"rendered":"<p>Dizainas: MOWO Studio \u201eNino\u201c kolekcij\u0105 sudaro k\u0117d\u0117, stalas, \u017eaisl\u0173 laikymo spintel\u0117, vaiki\u0161ka k\u0117dut\u0117 vyresniems vaikams ir tvorel\u0117, skirianti vaik\u0173 \u017eaidim\u0173 aik\u0161tel\u0119. Su \u201eNino\u201c galite sukurti esteti\u0161kai patraukli\u0105 erdv\u0119, kuri skatint\u0173 vaiko vystym\u0105si, skatint\u0173 k\u016brybi\u0161kum\u0105 ir savirai\u0161k\u0105. Medin\u0117 \u201eNino\u201c k\u0117d\u0117 puikiai [\u2026]<\/p>","protected":false},"featured_media":106492,"comment_status":"open","ping_status":"closed","template":"","meta":[],"product_brand":[],"product_cat":[9133],"product_tag":[],"class_list":{"0":"post-106470","1":"product","2":"type-product","3":"status-publish","4":"has-post-thumbnail","6":"product_cat-grouped","8":"first","9":"instock","10":"shipping-taxable","11":"product-type-variable","12":"wvs-archive-product-wrapper"},"_links":{"self":[{"href":"https:\/\/baldumarket.lt\/lt\/wp-json\/wp\/v2\/product\/106470","targetHints":{"allow":["GET"]}}],"collection":[{"href":"https:\/\/baldumarket.lt\/lt\/wp-json\/wp\/v2\/product"}],"about":[{"href":"https:\/\/baldumarket.lt\/lt\/wp-json\/wp\/v2\/types\/product"}],"replies":[{"embeddable":true,"href":"https:\/\/baldumarket.lt\/lt\/wp-json\/wp\/v2\/comments?post=106470"}],"wp:featuredmedia":[{"embeddable":true,"href":"https:\/\/baldumarket.lt\/lt\/wp-json\/wp\/v2\/media\/106492"}],"wp:attachment":[{"href":"https:\/\/baldumarket.lt\/lt\/wp-json\/wp\/v2\/media?parent=106470"}],"wp:term":[{"taxonomy":"product_brand","embeddable":true,"href":"https:\/\/baldumarket.lt\/lt\/wp-json\/wp\/v2\/product_brand?post=106470"},{"taxonomy":"product_cat","embeddable":true,"href":"https:\/\/baldumarket.lt\/lt\/wp-json\/wp\/v2\/product_cat?post=106470"},{"taxonomy":"product_tag","embeddable":true,"href":"https:\/\/baldumarket.lt\/lt\/wp-json\/wp\/v2\/product_tag?post=106470"}],"curies":[{"name":"wp","href":"https:\/\/api.w.org\/{rel}","templated":true}]}}