{"id":106451,"date":"2025-12-08T05:37:08","date_gmt":"2025-12-08T02:37:08","guid":{"rendered":"https:\/\/baldumarket.lt\/?post_type=product&#038;p=106451"},"modified":"2026-02-11T02:59:44","modified_gmt":"2026-02-10T23:59:44","slug":"montana-bb-1430-premium","status":"publish","type":"product","link":"https:\/\/baldumarket.lt\/lt\/product\/montana-bb-1430-premium\/","title":{"rendered":"Montana BB-1430 Premium"},"content":{"rendered":"<p>Dizainas: STROOG Andrzej L\u0119cko\u015b<br \/>\n\u201eMontana\u201c sofa yra u\u017euomina \u012f dizaino istorij\u0105 ir mading\u0105 Art Deco stili\u0173. \u201eMontana\u201c pasi\u017eymi i\u0161skirtiniu komfortu, tvirta konstrukcija ir nesenstan\u010dia forma.<br \/>\n1TP5Sofa<\/p>","protected":false},"excerpt":{"rendered":"<p>Dizainas: STROOG Andrzej L\u0119cko\u015b \u201eMontana\u201c sofa \u2013 tai u\u017euomina \u012f dizaino istorij\u0105 ir mading\u0105 Art Deco stili\u0173. \u201eMontana\u201c pasi\u017eymi i\u0161skirtiniu komfortu, tvirta konstrukcija ir nesenstan\u010dia forma. #sofa<\/p>","protected":false},"featured_media":106459,"comment_status":"open","ping_status":"closed","template":"","meta":[],"product_brand":[],"product_cat":[9133],"product_tag":[],"class_list":{"0":"post-106451","1":"product","2":"type-product","3":"status-publish","4":"has-post-thumbnail","6":"product_cat-grouped","8":"first","9":"instock","10":"shipping-taxable","11":"product-type-variable","12":"wvs-archive-product-wrapper"},"_links":{"self":[{"href":"https:\/\/baldumarket.lt\/lt\/wp-json\/wp\/v2\/product\/106451","targetHints":{"allow":["GET"]}}],"collection":[{"href":"https:\/\/baldumarket.lt\/lt\/wp-json\/wp\/v2\/product"}],"about":[{"href":"https:\/\/baldumarket.lt\/lt\/wp-json\/wp\/v2\/types\/product"}],"replies":[{"embeddable":true,"href":"https:\/\/baldumarket.lt\/lt\/wp-json\/wp\/v2\/comments?post=106451"}],"wp:featuredmedia":[{"embeddable":true,"href":"https:\/\/baldumarket.lt\/lt\/wp-json\/wp\/v2\/media\/106459"}],"wp:attachment":[{"href":"https:\/\/baldumarket.lt\/lt\/wp-json\/wp\/v2\/media?parent=106451"}],"wp:term":[{"taxonomy":"product_brand","embeddable":true,"href":"https:\/\/baldumarket.lt\/lt\/wp-json\/wp\/v2\/product_brand?post=106451"},{"taxonomy":"product_cat","embeddable":true,"href":"https:\/\/baldumarket.lt\/lt\/wp-json\/wp\/v2\/product_cat?post=106451"},{"taxonomy":"product_tag","embeddable":true,"href":"https:\/\/baldumarket.lt\/lt\/wp-json\/wp\/v2\/product_tag?post=106451"}],"curies":[{"name":"wp","href":"https:\/\/api.w.org\/{rel}","templated":true}]}}