{"id":106313,"date":"2025-12-08T05:24:22","date_gmt":"2025-12-08T02:24:22","guid":{"rendered":"https:\/\/baldumarket.lt\/?post_type=product&#038;p=106313"},"modified":"2026-04-13T01:13:32","modified_gmt":"2026-04-12T22:13:32","slug":"lite-drewno-klejone-na-mikrowczep-dab-standard-gr-a","status":"publish","type":"product","link":"https:\/\/baldumarket.lt\/lt\/product\/lite-drewno-klejone-na-mikrowczep-dab-standard-gr-a\/","title":{"rendered":"\u0104\u017euolo medienos masyvas klijuotas pir\u0161t\u0173 jungtimis Standartinis Gr-A"},"content":{"rendered":"<p>Buko medienos masyvo stalvir\u0161iai, sujungti pir\u0161tais<br \/>\nGalimi storiai: 27 mm +\/- 1 mm, 38 mm +\/- 1 mm<\/p>","protected":false},"excerpt":{"rendered":"<p>Buko medienos masyvo stalvir\u0161iai, sujungti pir\u0161tais. Galimi storiai: 27 mm +\/- 1 mm, 38 mm +\/- 1 mm.<\/p>","protected":false},"featured_media":106333,"comment_status":"open","ping_status":"closed","template":"","meta":[],"product_brand":[],"product_cat":[9133],"product_tag":[],"class_list":{"0":"post-106313","1":"product","2":"type-product","3":"status-publish","4":"has-post-thumbnail","6":"product_cat-grouped","8":"first","9":"instock","10":"shipping-taxable","11":"product-type-variable","12":"wvs-archive-product-wrapper"},"_links":{"self":[{"href":"https:\/\/baldumarket.lt\/lt\/wp-json\/wp\/v2\/product\/106313","targetHints":{"allow":["GET"]}}],"collection":[{"href":"https:\/\/baldumarket.lt\/lt\/wp-json\/wp\/v2\/product"}],"about":[{"href":"https:\/\/baldumarket.lt\/lt\/wp-json\/wp\/v2\/types\/product"}],"replies":[{"embeddable":true,"href":"https:\/\/baldumarket.lt\/lt\/wp-json\/wp\/v2\/comments?post=106313"}],"wp:featuredmedia":[{"embeddable":true,"href":"https:\/\/baldumarket.lt\/lt\/wp-json\/wp\/v2\/media\/106333"}],"wp:attachment":[{"href":"https:\/\/baldumarket.lt\/lt\/wp-json\/wp\/v2\/media?parent=106313"}],"wp:term":[{"taxonomy":"product_brand","embeddable":true,"href":"https:\/\/baldumarket.lt\/lt\/wp-json\/wp\/v2\/product_brand?post=106313"},{"taxonomy":"product_cat","embeddable":true,"href":"https:\/\/baldumarket.lt\/lt\/wp-json\/wp\/v2\/product_cat?post=106313"},{"taxonomy":"product_tag","embeddable":true,"href":"https:\/\/baldumarket.lt\/lt\/wp-json\/wp\/v2\/product_tag?post=106313"}],"curies":[{"name":"wp","href":"https:\/\/api.w.org\/{rel}","templated":true}]}}