{"id":106258,"date":"2025-12-08T05:18:59","date_gmt":"2025-12-08T02:18:59","guid":{"rendered":"https:\/\/baldumarket.lt\/?post_type=product&#038;p=106258"},"modified":"2026-04-12T00:52:17","modified_gmt":"2026-04-11T21:52:17","slug":"link-s-2005-standard-gr-l1","status":"publish","type":"product","link":"https:\/\/baldumarket.lt\/lt\/product\/link-s-2005-standard-gr-l1\/","title":{"rendered":"Nuoroda S-2005 Standartinis Gr-L1"},"content":{"rendered":"<p>\u201eLink\u201c \u2013 tai ma\u017ea, eleganti\u0161ka sofa, kuri\u0105 galima laisvai i\u0161d\u0117styti bet kokioje erdv\u0117je. Lanksti spyruoklin\u0117 s\u0117dyn\u0117, trys atlo\u0161o apdailos variantai \u2013 lygus arba su dekoratyvin\u0117mis si\u016bl\u0117mis vertikaliais dry\u017eiais arba languotais ra\u0161tais \u2013 ir audini\u0173 panel\u0117s leid\u017eia sukurti \u012fvairiapus\u0119, \u012fdomi\u0105 ir suasmenint\u0105 kompozicij\u0105. Ji puikiai tinka restoranams ir vie\u0161bu\u010diams.<\/p>\n<p>&nbsp;<\/p>","protected":false},"excerpt":{"rendered":"<p>\u201eLink\u201c \u2013 tai ma\u017ea, eleganti\u0161ka sofa, kuri\u0105 galima laisvai i\u0161d\u0117styti bet kokioje erdv\u0117je. Lanksti spyruoklin\u0117 s\u0117dyn\u0117, trys atlo\u0161o apdailos variantai \u2013 lygus arba su dekoratyvin\u0117mis si\u016bl\u0117mis vertikaliais dry\u017eiais arba languotais ra\u0161tais \u2013 ir audini\u0173 panel\u0117s leid\u017eia sukurti \u012fvairiapus\u0119, \u012fdomi\u0105 ir suasmenint\u0105 kompozicij\u0105. Ji puikiai tinka restoranams ir vie\u0161bu\u010diams. &nbsp;<\/p>","protected":false},"featured_media":106270,"comment_status":"open","ping_status":"closed","template":"","meta":[],"product_brand":[],"product_cat":[9133],"product_tag":[],"class_list":{"0":"post-106258","1":"product","2":"type-product","3":"status-publish","4":"has-post-thumbnail","6":"product_cat-grouped","8":"first","9":"instock","10":"shipping-taxable","11":"product-type-variable","12":"wvs-archive-product-wrapper"},"_links":{"self":[{"href":"https:\/\/baldumarket.lt\/lt\/wp-json\/wp\/v2\/product\/106258","targetHints":{"allow":["GET"]}}],"collection":[{"href":"https:\/\/baldumarket.lt\/lt\/wp-json\/wp\/v2\/product"}],"about":[{"href":"https:\/\/baldumarket.lt\/lt\/wp-json\/wp\/v2\/types\/product"}],"replies":[{"embeddable":true,"href":"https:\/\/baldumarket.lt\/lt\/wp-json\/wp\/v2\/comments?post=106258"}],"wp:featuredmedia":[{"embeddable":true,"href":"https:\/\/baldumarket.lt\/lt\/wp-json\/wp\/v2\/media\/106270"}],"wp:attachment":[{"href":"https:\/\/baldumarket.lt\/lt\/wp-json\/wp\/v2\/media?parent=106258"}],"wp:term":[{"taxonomy":"product_brand","embeddable":true,"href":"https:\/\/baldumarket.lt\/lt\/wp-json\/wp\/v2\/product_brand?post=106258"},{"taxonomy":"product_cat","embeddable":true,"href":"https:\/\/baldumarket.lt\/lt\/wp-json\/wp\/v2\/product_cat?post=106258"},{"taxonomy":"product_tag","embeddable":true,"href":"https:\/\/baldumarket.lt\/lt\/wp-json\/wp\/v2\/product_tag?post=106258"}],"curies":[{"name":"wp","href":"https:\/\/api.w.org\/{rel}","templated":true}]}}