{"id":106244,"date":"2025-12-08T05:17:39","date_gmt":"2025-12-08T02:17:39","guid":{"rendered":"https:\/\/baldumarket.lt\/?post_type=product&#038;p=106244"},"modified":"2026-02-11T02:41:55","modified_gmt":"2026-02-10T23:41:55","slug":"link-d-2005-premium-gr-l1","status":"publish","type":"product","link":"https:\/\/baldumarket.lt\/lt\/product\/link-d-2005-premium-gr-l1\/","title":{"rendered":"Link D-2005 Premium Gr-L1"},"content":{"rendered":"<p>Plok\u0161t\u0117, skirta \u201eLink S-2005\u201c sofai. Ji turi 3 apdailos tipus: paprast\u0105 ir 2 dekoratyvini\u0173 si\u016bli\u0173 tipus: vertikalias juostas ir languot\u0105 ra\u0161t\u0105. Plok\u0161t\u0117s pagalba galite pastatyti bet kokio auk\u0161\u010dio sien\u0105 ir sukurti dekoratyvin\u0119 kompozicij\u0105.<\/p>","protected":false},"excerpt":{"rendered":"<p>Plok\u0161t\u0117, skirta \u201eLink S-2005\u201c sofai. Ji turi 3 apdailos tipus: paprast\u0105 ir 2 dekoratyvini\u0173 si\u016bli\u0173 tipus: vertikalias juostas ir languot\u0105 ra\u0161t\u0105. Plok\u0161t\u0117s pagalba galite pastatyti bet kokio auk\u0161\u010dio sien\u0105 ir sukurti dekoratyvin\u0119 kompozicij\u0105.<\/p>","protected":false},"featured_media":106240,"comment_status":"open","ping_status":"closed","template":"","meta":[],"product_brand":[],"product_cat":[9133],"product_tag":[],"class_list":{"0":"post-106244","1":"product","2":"type-product","3":"status-publish","4":"has-post-thumbnail","6":"product_cat-grouped","8":"first","9":"instock","10":"shipping-taxable","11":"product-type-variable","12":"wvs-archive-product-wrapper"},"_links":{"self":[{"href":"https:\/\/baldumarket.lt\/lt\/wp-json\/wp\/v2\/product\/106244","targetHints":{"allow":["GET"]}}],"collection":[{"href":"https:\/\/baldumarket.lt\/lt\/wp-json\/wp\/v2\/product"}],"about":[{"href":"https:\/\/baldumarket.lt\/lt\/wp-json\/wp\/v2\/types\/product"}],"replies":[{"embeddable":true,"href":"https:\/\/baldumarket.lt\/lt\/wp-json\/wp\/v2\/comments?post=106244"}],"wp:featuredmedia":[{"embeddable":true,"href":"https:\/\/baldumarket.lt\/lt\/wp-json\/wp\/v2\/media\/106240"}],"wp:attachment":[{"href":"https:\/\/baldumarket.lt\/lt\/wp-json\/wp\/v2\/media?parent=106244"}],"wp:term":[{"taxonomy":"product_brand","embeddable":true,"href":"https:\/\/baldumarket.lt\/lt\/wp-json\/wp\/v2\/product_brand?post=106244"},{"taxonomy":"product_cat","embeddable":true,"href":"https:\/\/baldumarket.lt\/lt\/wp-json\/wp\/v2\/product_cat?post=106244"},{"taxonomy":"product_tag","embeddable":true,"href":"https:\/\/baldumarket.lt\/lt\/wp-json\/wp\/v2\/product_tag?post=106244"}],"curies":[{"name":"wp","href":"https:\/\/api.w.org\/{rel}","templated":true}]}}