{"id":106195,"date":"2025-12-08T05:13:27","date_gmt":"2025-12-08T02:13:27","guid":{"rendered":"https:\/\/baldumarket.lt\/?post_type=product&#038;p=106195"},"modified":"2026-04-12T19:25:09","modified_gmt":"2026-04-12T16:25:09","slug":"linia-b-2324-standard-gr-d","status":"publish","type":"product","link":"https:\/\/baldumarket.lt\/lt\/product\/linia-b-2324-standard-gr-d\/","title":{"rendered":"Linia B-2324 Standartinis Gr-D"},"content":{"rendered":"<p>Dizainas: SYLVAINAS WILLENZAS<br \/>\nLINIA \u2013 tai dinami\u0161ka ir eleganti\u0161ka k\u0117d\u0117, kurioje dera paprastumas ir subtilumas. Vingiuota, lenkta medin\u0117 konstrukcija derinama su patogia s\u0117dyne ir didele, jaukia atlo\u0161u. Unikali LINIA kolekcijos tapatyb\u0117 slypi tobulose proporcijose ir \u0161velniose, lanks\u010diose linkiuose. LINIA modelis tiekiamas su porankiais arba be j\u0173, versija be poranki\u0173 yra sudedama, taip pat si\u016bloma su \u012fvairiais audinio ir odos apmu\u0161alais.<\/p>","protected":false},"excerpt":{"rendered":"<p>Dizainas: SYLVAIN WILLENZ LINIA \u2013 tai dinami\u0161ka ir eleganti\u0161ka k\u0117d\u0117, kurioje dera paprastumas ir subtilumas. Vingiuota, lenkta medin\u0117 konstrukcija derinama su patogia s\u0117dyne ir didele, jaukia atlo\u0161u. Unikali LINIA kolekcijos tapatyb\u0117 slypi tobulose proporcijose ir \u0161velniose, lanks\u010diose kreiv\u0117se. LINIA modelis gali b\u016bti su porankiais arba be j\u0173, [\u2026]<\/p>","protected":false},"featured_media":106208,"comment_status":"open","ping_status":"closed","template":"","meta":[],"product_brand":[],"product_cat":[9133],"product_tag":[],"class_list":{"0":"post-106195","1":"product","2":"type-product","3":"status-publish","4":"has-post-thumbnail","6":"product_cat-grouped","8":"first","9":"instock","10":"shipping-taxable","11":"product-type-variable","12":"wvs-archive-product-wrapper"},"_links":{"self":[{"href":"https:\/\/baldumarket.lt\/lt\/wp-json\/wp\/v2\/product\/106195","targetHints":{"allow":["GET"]}}],"collection":[{"href":"https:\/\/baldumarket.lt\/lt\/wp-json\/wp\/v2\/product"}],"about":[{"href":"https:\/\/baldumarket.lt\/lt\/wp-json\/wp\/v2\/types\/product"}],"replies":[{"embeddable":true,"href":"https:\/\/baldumarket.lt\/lt\/wp-json\/wp\/v2\/comments?post=106195"}],"wp:featuredmedia":[{"embeddable":true,"href":"https:\/\/baldumarket.lt\/lt\/wp-json\/wp\/v2\/media\/106208"}],"wp:attachment":[{"href":"https:\/\/baldumarket.lt\/lt\/wp-json\/wp\/v2\/media?parent=106195"}],"wp:term":[{"taxonomy":"product_brand","embeddable":true,"href":"https:\/\/baldumarket.lt\/lt\/wp-json\/wp\/v2\/product_brand?post=106195"},{"taxonomy":"product_cat","embeddable":true,"href":"https:\/\/baldumarket.lt\/lt\/wp-json\/wp\/v2\/product_cat?post=106195"},{"taxonomy":"product_tag","embeddable":true,"href":"https:\/\/baldumarket.lt\/lt\/wp-json\/wp\/v2\/product_tag?post=106195"}],"curies":[{"name":"wp","href":"https:\/\/api.w.org\/{rel}","templated":true}]}}