{"id":106174,"date":"2025-12-08T05:11:31","date_gmt":"2025-12-08T02:11:31","guid":{"rendered":"https:\/\/baldumarket.lt\/?post_type=product&#038;p=106174"},"modified":"2026-04-12T19:24:44","modified_gmt":"2026-04-12T16:24:44","slug":"linia-a-2324-premium-gr-b","status":"publish","type":"product","link":"https:\/\/baldumarket.lt\/lt\/product\/linia-a-2324-premium-gr-b\/","title":{"rendered":"Linia A-2324 Premium Gr-B"},"content":{"rendered":"<p>Dizainas: SYLVAINAS WILLENZAS<br \/>\nLINIA \u2013 tai dinami\u0161ka ir eleganti\u0161ka k\u0117d\u0117, kurioje dera paprastumas ir subtilumas. Vingiuota, lenkta medin\u0117 konstrukcija derinama su patogia s\u0117dyne ir didele, jaukia atlo\u0161u. Unikali LINIA kolekcijos tapatyb\u0117 slypi tobulose proporcijose ir \u0161velniose, lanks\u010diose linkiuose. LINIA modelis tiekiamas su porankiais arba be j\u0173, abu yra sudedami ir si\u016blomi su \u012fvairiais audinio bei odos apmu\u0161alais.<\/p>","protected":false},"excerpt":{"rendered":"<p>Dizainas: SYLVAIN WILLENZ LINIA \u2013 tai dinami\u0161ka ir eleganti\u0161ka k\u0117d\u0117, kurioje dera paprastumas ir subtilumas. Vingiuota, lenkta medin\u0117 konstrukcija derinama su patogia s\u0117dyne ir didele, jaukia atlo\u0161u. Unikalus LINIA kolekcijos identitetas slypi tobulose proporcijose ir \u0161velniose, lanks\u010diose kreiv\u0117se. LINIA modelis gali b\u016bti su porankiais arba be j\u0173, tiek [\u2026]<\/p>","protected":false},"featured_media":106178,"comment_status":"open","ping_status":"closed","template":"","meta":[],"product_brand":[],"product_cat":[9133],"product_tag":[],"class_list":{"0":"post-106174","1":"product","2":"type-product","3":"status-publish","4":"has-post-thumbnail","6":"product_cat-grouped","8":"first","9":"instock","10":"shipping-taxable","11":"product-type-variable","12":"wvs-archive-product-wrapper"},"_links":{"self":[{"href":"https:\/\/baldumarket.lt\/lt\/wp-json\/wp\/v2\/product\/106174","targetHints":{"allow":["GET"]}}],"collection":[{"href":"https:\/\/baldumarket.lt\/lt\/wp-json\/wp\/v2\/product"}],"about":[{"href":"https:\/\/baldumarket.lt\/lt\/wp-json\/wp\/v2\/types\/product"}],"replies":[{"embeddable":true,"href":"https:\/\/baldumarket.lt\/lt\/wp-json\/wp\/v2\/comments?post=106174"}],"wp:featuredmedia":[{"embeddable":true,"href":"https:\/\/baldumarket.lt\/lt\/wp-json\/wp\/v2\/media\/106178"}],"wp:attachment":[{"href":"https:\/\/baldumarket.lt\/lt\/wp-json\/wp\/v2\/media?parent=106174"}],"wp:term":[{"taxonomy":"product_brand","embeddable":true,"href":"https:\/\/baldumarket.lt\/lt\/wp-json\/wp\/v2\/product_brand?post=106174"},{"taxonomy":"product_cat","embeddable":true,"href":"https:\/\/baldumarket.lt\/lt\/wp-json\/wp\/v2\/product_cat?post=106174"},{"taxonomy":"product_tag","embeddable":true,"href":"https:\/\/baldumarket.lt\/lt\/wp-json\/wp\/v2\/product_tag?post=106174"}],"curies":[{"name":"wp","href":"https:\/\/api.w.org\/{rel}","templated":true}]}}