{"id":106122,"date":"2025-12-08T05:06:10","date_gmt":"2025-12-08T02:06:10","guid":{"rendered":"https:\/\/baldumarket.lt\/?post_type=product&#038;p=106122"},"modified":"2026-04-13T17:50:37","modified_gmt":"2026-04-13T14:50:37","slug":"likewise-b-1908-premium-gr-l2","status":"publish","type":"product","link":"https:\/\/baldumarket.lt\/lt\/product\/likewise-b-1908-premium-gr-l2\/","title":{"rendered":"Taip pat B-1908 Premium Gr-L2"},"content":{"rendered":"<p>Dizainas: Torsten Neeland<br \/>\n\u201eLikewise\u201c kolekcija \u2013 tai modernus po\u017ei\u016bris \u012f klasikin\u012f lenktos medienos paveld\u0105. Platus buko medienos lenkimo kampas ant ilg\u0173 bald\u0173 form\u0173 yra unikalus \u0161iuolaikini\u0173 lenktos medienos bald\u0173 elementas, atspindintis jau ir taip unikal\u0173 ir vis labiau nepakartojam\u0105 XIX am\u017eiaus technologijos paveld\u0105. Mink\u0161ta, apgaubianti apmu\u0161to fotelio i\u0161 \u201eLikewise\u201c kolekcijos forma skatina atsipalaidavimo akimirkas, o matmenys ir konstrukcija parinkti taip, kad forma b\u016bt\u0173 kuo ma\u017eesn\u0117. \u201eLikewise\u201c kolekcij\u0105 sudaro: klubinis fotelis, platus pufas, pufas su pad\u0117klu ir kavos staliukas.<\/p>","protected":false},"excerpt":{"rendered":"<p>Dizainas: Torsten Neeland \u201eLikewise\u201c kolekcija \u2013 tai modernus po\u017ei\u016bris \u012f klasikin\u012f lenktos medienos paveld\u0105. Platus buko medienos lenkimo kampas ant ilg\u0173 bald\u0173 form\u0173 yra unikalus \u0161iuolaikini\u0173 lenktos medienos bald\u0173 elementas, atspindintis jau ir taip unikal\u0173 ir vis labiau nepakartojam\u0105 XIX am\u017eiaus technologijos paveld\u0105. Mink\u0161ta, apgaubianti mink\u0161to fotelio forma [\u2026]<\/p>","protected":false},"featured_media":106113,"comment_status":"open","ping_status":"closed","template":"","meta":[],"product_brand":[],"product_cat":[9133],"product_tag":[],"class_list":{"0":"post-106122","1":"product","2":"type-product","3":"status-publish","4":"has-post-thumbnail","6":"product_cat-grouped","8":"first","9":"instock","10":"shipping-taxable","11":"product-type-variable","12":"wvs-archive-product-wrapper"},"_links":{"self":[{"href":"https:\/\/baldumarket.lt\/lt\/wp-json\/wp\/v2\/product\/106122","targetHints":{"allow":["GET"]}}],"collection":[{"href":"https:\/\/baldumarket.lt\/lt\/wp-json\/wp\/v2\/product"}],"about":[{"href":"https:\/\/baldumarket.lt\/lt\/wp-json\/wp\/v2\/types\/product"}],"replies":[{"embeddable":true,"href":"https:\/\/baldumarket.lt\/lt\/wp-json\/wp\/v2\/comments?post=106122"}],"wp:featuredmedia":[{"embeddable":true,"href":"https:\/\/baldumarket.lt\/lt\/wp-json\/wp\/v2\/media\/106113"}],"wp:attachment":[{"href":"https:\/\/baldumarket.lt\/lt\/wp-json\/wp\/v2\/media?parent=106122"}],"wp:term":[{"taxonomy":"product_brand","embeddable":true,"href":"https:\/\/baldumarket.lt\/lt\/wp-json\/wp\/v2\/product_brand?post=106122"},{"taxonomy":"product_cat","embeddable":true,"href":"https:\/\/baldumarket.lt\/lt\/wp-json\/wp\/v2\/product_cat?post=106122"},{"taxonomy":"product_tag","embeddable":true,"href":"https:\/\/baldumarket.lt\/lt\/wp-json\/wp\/v2\/product_tag?post=106122"}],"curies":[{"name":"wp","href":"https:\/\/api.w.org\/{rel}","templated":true}]}}