{"id":105982,"date":"2025-12-08T04:54:18","date_gmt":"2025-12-08T01:54:18","guid":{"rendered":"https:\/\/baldumarket.lt\/?post_type=product&#038;p=105982"},"modified":"2026-02-11T02:21:07","modified_gmt":"2026-02-10T23:21:07","slug":"lennox-a-1405-premium-gr-c","status":"publish","type":"product","link":"https:\/\/baldumarket.lt\/lt\/product\/lennox-a-1405-premium-gr-c\/","title":{"rendered":"Lennox A-1405 Premium Gr-C"},"content":{"rendered":"<p>Dizainas: STROOG Andrzej L\u0119cko\u015b<br \/>\n\u201eLennox\u201c \u2013 tai staliaus k\u0117d\u0117 ir fotelis su tvirtu, geometriniu dizainu ir \u012fgilintu atlo\u0161u. Med\u017eio \u017eaves\u012f ir nat\u016bral\u0173 charakter\u012f pabr\u0117\u017eia horizontalios atlo\u0161o lentjuost\u0117s. Kolekcija geriausiai atrodo nat\u016brali\u0173 spalv\u0173, kurios neu\u017ego\u017eia medienos strukt\u016bros ir savybi\u0173. \u201eLennox\u201c kolekcij\u0105 papildo stalas.<\/p>","protected":false},"excerpt":{"rendered":"<p>Dizainas: STROOG Andrzej L\u0119cko\u015b \u201eLennox\u201c \u2013 tai staliaus k\u0117d\u0117 ir fotelis su tvirtu, geometriniu dizainu ir \u012fgilintu atlo\u0161u. Med\u017eio \u017eaves\u012f ir nat\u016bral\u0173 charakter\u012f pabr\u0117\u017eia horizontalios atlo\u0161o lentjuost\u0117s. Kolekcija geriausiai atrodo nat\u016brali\u0173 spalv\u0173, kurios neu\u017ego\u017eia medienos strukt\u016bros ir savybi\u0173. [\u2026]<\/p>","protected":false},"featured_media":105984,"comment_status":"open","ping_status":"closed","template":"","meta":[],"product_brand":[],"product_cat":[9133],"product_tag":[],"class_list":{"0":"post-105982","1":"product","2":"type-product","3":"status-publish","4":"has-post-thumbnail","6":"product_cat-grouped","8":"first","9":"instock","10":"shipping-taxable","11":"product-type-variable","12":"wvs-archive-product-wrapper"},"_links":{"self":[{"href":"https:\/\/baldumarket.lt\/lt\/wp-json\/wp\/v2\/product\/105982","targetHints":{"allow":["GET"]}}],"collection":[{"href":"https:\/\/baldumarket.lt\/lt\/wp-json\/wp\/v2\/product"}],"about":[{"href":"https:\/\/baldumarket.lt\/lt\/wp-json\/wp\/v2\/types\/product"}],"replies":[{"embeddable":true,"href":"https:\/\/baldumarket.lt\/lt\/wp-json\/wp\/v2\/comments?post=105982"}],"wp:featuredmedia":[{"embeddable":true,"href":"https:\/\/baldumarket.lt\/lt\/wp-json\/wp\/v2\/media\/105984"}],"wp:attachment":[{"href":"https:\/\/baldumarket.lt\/lt\/wp-json\/wp\/v2\/media?parent=105982"}],"wp:term":[{"taxonomy":"product_brand","embeddable":true,"href":"https:\/\/baldumarket.lt\/lt\/wp-json\/wp\/v2\/product_brand?post=105982"},{"taxonomy":"product_cat","embeddable":true,"href":"https:\/\/baldumarket.lt\/lt\/wp-json\/wp\/v2\/product_cat?post=105982"},{"taxonomy":"product_tag","embeddable":true,"href":"https:\/\/baldumarket.lt\/lt\/wp-json\/wp\/v2\/product_tag?post=105982"}],"curies":[{"name":"wp","href":"https:\/\/api.w.org\/{rel}","templated":true}]}}