{"id":105894,"date":"2025-12-08T04:46:45","date_gmt":"2025-12-08T01:46:45","guid":{"rendered":"https:\/\/baldumarket.lt\/?post_type=product&#038;p=105894"},"modified":"2026-04-12T00:58:30","modified_gmt":"2026-04-11T21:58:30","slug":"lava-a-1807-standard","status":"publish","type":"product","link":"https:\/\/baldumarket.lt\/lt\/product\/lava-a-1807-standard\/","title":{"rendered":"Lava A-1807 Standartinis"},"content":{"rendered":"<p>Dizainas: STROOG Andrzej L\u0119cko\u015b<br \/>\n\u201eLava\u201c kolekcija \u2013 tai klasikin\u0117s mink\u0161to kr\u0117slo ir fotelio formos reinterpretacija. Mink\u0161tas atlo\u0161as, \u0161iek tiek plat\u0117jantis vir\u0161uje, derinamas su nat\u016bralaus med\u017eio porankiu, tod\u0117l kolekcija apgaubia s\u0117dint\u012fj\u012f ir u\u017etikrina auk\u0161t\u0105 komforto lyg\u012f. Medin\u0117s kojel\u0117s ir r\u0117mas kartu su audiniu aptraukta s\u0117dyne pabr\u0117\u017eia tekst\u016br\u0173 kontrast\u0105 ir sukuria \u201eLava\u201c kolekcijos jausmingum\u0105. Spalv\u0173 ir audini\u0173 \u012fvairov\u0117 leid\u017eia sukurti bet kok\u012f \u0161io modelio stili\u0173: nuo minimalistinio iki \u017eavingo.<\/p>","protected":false},"excerpt":{"rendered":"<p>Dizainas: STROOG Andrzej L\u0119cko\u015b \u201eLava\u201c kolekcija \u2013 tai klasikin\u0117s mink\u0161t\u0173 k\u0117d\u017ei\u0173 ir foteli\u0173 formos interpretacija. Mink\u0161tas atlo\u0161as, \u0161iek tiek plat\u0117jantis vir\u0161uje, derinamas su nat\u016bralaus med\u017eio porankiu, tod\u0117l kolekcija apgaubia s\u0117dint\u012fj\u012f ir u\u017etikrina auk\u0161t\u0105 komforto lyg\u012f. Medin\u0117s kojel\u0117s ir r\u0117mas kartu su [\u2026]<\/p>","protected":false},"featured_media":105916,"comment_status":"open","ping_status":"closed","template":"","meta":[],"product_brand":[],"product_cat":[9133],"product_tag":[],"class_list":{"0":"post-105894","1":"product","2":"type-product","3":"status-publish","4":"has-post-thumbnail","6":"product_cat-grouped","8":"first","9":"instock","10":"shipping-taxable","11":"product-type-variable","12":"wvs-archive-product-wrapper"},"_links":{"self":[{"href":"https:\/\/baldumarket.lt\/lt\/wp-json\/wp\/v2\/product\/105894","targetHints":{"allow":["GET"]}}],"collection":[{"href":"https:\/\/baldumarket.lt\/lt\/wp-json\/wp\/v2\/product"}],"about":[{"href":"https:\/\/baldumarket.lt\/lt\/wp-json\/wp\/v2\/types\/product"}],"replies":[{"embeddable":true,"href":"https:\/\/baldumarket.lt\/lt\/wp-json\/wp\/v2\/comments?post=105894"}],"wp:featuredmedia":[{"embeddable":true,"href":"https:\/\/baldumarket.lt\/lt\/wp-json\/wp\/v2\/media\/105916"}],"wp:attachment":[{"href":"https:\/\/baldumarket.lt\/lt\/wp-json\/wp\/v2\/media?parent=105894"}],"wp:term":[{"taxonomy":"product_brand","embeddable":true,"href":"https:\/\/baldumarket.lt\/lt\/wp-json\/wp\/v2\/product_brand?post=105894"},{"taxonomy":"product_cat","embeddable":true,"href":"https:\/\/baldumarket.lt\/lt\/wp-json\/wp\/v2\/product_cat?post=105894"},{"taxonomy":"product_tag","embeddable":true,"href":"https:\/\/baldumarket.lt\/lt\/wp-json\/wp\/v2\/product_tag?post=105894"}],"curies":[{"name":"wp","href":"https:\/\/api.w.org\/{rel}","templated":true}]}}