{"id":105581,"date":"2025-12-08T04:19:13","date_gmt":"2025-12-08T01:19:13","guid":{"rendered":"https:\/\/baldumarket.lt\/?post_type=product&#038;p=105581"},"modified":"2026-04-12T01:03:58","modified_gmt":"2026-04-11T22:03:58","slug":"hips-b-1802-premium","status":"publish","type":"product","link":"https:\/\/baldumarket.lt\/lt\/product\/hips-b-1802-premium\/","title":{"rendered":"Klubai B-1802 Premium"},"content":{"rendered":"<p>Dizainas: Pawlak &amp; Stawarski<br \/>\n\u201eHips\u201c kolekcija \u2013 tai s\u0117dim\u0173j\u0173 bald\u0173 serija, skirta \u0161iuolaikiniams restoranams, maisto aik\u0161tel\u0117ms ir moderniems nam\u0173 interjerams. Pagaminta vien i\u0161 kintamo storio faneros, \u0161i kolekcija derina modern\u0173, eleganti\u0161k\u0105 dizain\u0105 su pa\u017eangia medienos lenkimo technologija. S\u0117dyn\u0117s ir koj\u0173 storio keitimas suteikia lengvumo, pabr\u0117\u017eiant plonus faneros kra\u0161tus, ir kartu u\u017etikrina tvirt\u0105 konstrukcij\u0105. \u0160velnios ir aptakios \u201eHips\u201c s\u0117dyn\u0117s linijos sukuria subtiliai organi\u0161k\u0105, moderni\u0105 ir sveting\u0105 form\u0105. \u201eHips\u201c kolekcija yra keli\u0173 versij\u0173: neapmu\u0161ta, su apmu\u0161ta s\u0117dyne arba visi\u0161kai apmu\u0161ta.<\/p>","protected":false},"excerpt":{"rendered":"<p>Dizainas: Pawlak &amp; Stawarski \u201eHips\u201c kolekcija \u2013 tai s\u0117dim\u0173j\u0173 bald\u0173 serija, sukurta \u0161iuolaikiniams restoranams, maisto aik\u0161tel\u0117ms ir moderniems nam\u0173 interjerams. Kolekcija, pagaminta vien i\u0161 kintamo storio faneros, derina \u0161iuolaiki\u0161k\u0105, eleganti\u0161k\u0105 dizain\u0105 su pa\u017eangia medienos lenkimo technologija. S\u0117dyn\u0117s ir koj\u0173 storio keitimas suteikia lengvumo, pabr\u0117\u017eiant plonus kra\u0161tus [\u2026]<\/p>","protected":false},"featured_media":105589,"comment_status":"open","ping_status":"closed","template":"","meta":[],"product_brand":[],"product_cat":[9133],"product_tag":[],"class_list":{"0":"post-105581","1":"product","2":"type-product","3":"status-publish","4":"has-post-thumbnail","6":"product_cat-grouped","8":"first","9":"instock","10":"shipping-taxable","11":"product-type-variable","12":"wvs-archive-product-wrapper"},"_links":{"self":[{"href":"https:\/\/baldumarket.lt\/lt\/wp-json\/wp\/v2\/product\/105581","targetHints":{"allow":["GET"]}}],"collection":[{"href":"https:\/\/baldumarket.lt\/lt\/wp-json\/wp\/v2\/product"}],"about":[{"href":"https:\/\/baldumarket.lt\/lt\/wp-json\/wp\/v2\/types\/product"}],"replies":[{"embeddable":true,"href":"https:\/\/baldumarket.lt\/lt\/wp-json\/wp\/v2\/comments?post=105581"}],"wp:featuredmedia":[{"embeddable":true,"href":"https:\/\/baldumarket.lt\/lt\/wp-json\/wp\/v2\/media\/105589"}],"wp:attachment":[{"href":"https:\/\/baldumarket.lt\/lt\/wp-json\/wp\/v2\/media?parent=105581"}],"wp:term":[{"taxonomy":"product_brand","embeddable":true,"href":"https:\/\/baldumarket.lt\/lt\/wp-json\/wp\/v2\/product_brand?post=105581"},{"taxonomy":"product_cat","embeddable":true,"href":"https:\/\/baldumarket.lt\/lt\/wp-json\/wp\/v2\/product_cat?post=105581"},{"taxonomy":"product_tag","embeddable":true,"href":"https:\/\/baldumarket.lt\/lt\/wp-json\/wp\/v2\/product_tag?post=105581"}],"curies":[{"name":"wp","href":"https:\/\/api.w.org\/{rel}","templated":true}]}}